{"id":3204,"date":"2019-10-21T17:22:11","date_gmt":"2019-10-21T17:22:11","guid":{"rendered":"https:\/\/etcgalerie.cz\/?page_id=3204"},"modified":"2019-12-20T19:06:00","modified_gmt":"2019-12-20T19:06:00","slug":"manual","status":"publish","type":"page","link":"https:\/\/etcgalerie.cz\/en\/manual\/","title":{"rendered":"Manual"},"content":{"rendered":"<p><\/p>\n<div class=\"row\">\n<div class=\"large-4 small-8 large-offset-2 columns \">\n<div class=\"row\"><\/div>\n<\/div>\n<\/div>\n<p><!-- Gallery Schema --><\/p>\n<div class=\"row\">\n<div class=\"large-4 medium-8 small-8 large-offset-2 columns\">\n<p style=\"padding-left: 40px;\"><strong><i>Manual for Handling Moving Image<\/i><\/strong><span style=\"font-weight: 400;\">\u00a0formulates a set of principles for the gallery to follow when collaborating with artists and handling audiovisual works. The processes of archiving, production, and distribution of audiovisual works in the gallery environment are often accompanied by a number of uncertainties and ambiguities. The creation of this manual was instigated by a need to clarify the terms of collaboration between etc. gallery and artists working with moving image.<\/span><\/p>\n<p style=\"padding-left: 40px;\"><span style=\"font-weight: 400;\">The manual was created with regard to a practice of approaching art works which can be described using the term \u201ccommons\u201d. Upon publication of an art work whose production or presentation was financially supported by public funding, the results of artistic activity become universally shared property which can be shared and managed further within communities and in the public interest. Even within such a process, artists can be compensated fairly for their work.<\/span><\/p>\n<p style=\"padding-left: 40px;\"><span style=\"font-weight: 400;\">The manual is formulated with a knowledge of the related documents and sets of rules of which etc. gallery is a signatory, namely the <\/span><span style=\"font-weight: 400;\">Codex of the Feminist Art Institution<\/span><span style=\"font-weight: 400;\"> and the <\/span><span style=\"font-weight: 400;\">Manual for Cultural Institutions During Times of Climate Change.<\/span><\/p>\n<p style=\"padding-left: 40px;\"><span style=\"font-weight: 400;\">The creation of the manual is linked to a programming block, <\/span><i><span style=\"font-weight: 400;\">Restless Image II: Limits of Motion<\/span><\/i><span style=\"font-weight: 400;\">, which Mat\u011bj Strnad, Anna Reme\u0161ov\u00e1, and Kry\u0161tof Pe\u0161ek prepared for etc. gallery. Within this programme, a media library was established in the gallery and two public debates were organised on selected topics from the manual. The participants in these discussions were Tom\u00e1\u0161 Hlav\u00e1\u010dek, Al\u017eb\u011bta Ba\u010d\u00edkov\u00e1, Lucie Rosenfeldov\u00e1, Ji\u0159\u00ed \u017d\u00e1k, Vjera Borozan, Franti\u0161ek Zachoval, Sylva Pol\u00e1kov\u00e1, Ond\u0159ej Chrob\u00e1k, Michal Novotn\u00fd, and Jitka Hlav\u00e1\u010dkov\u00e1. Further participants in the creation of the manual were Kry\u0161tof Pe\u0161ek, Mark\u00e9ta Jon\u00e1\u0161ov\u00e1, Hana Jane\u010dkov\u00e1, Lenka St\u0159el\u00e1kov\u00e1, Mat\u011bj Strnad, and Anna Reme\u0161ov\u00e1. Part of the <\/span><i><span style=\"font-weight: 400;\">Restless Image II: Limits of Motion <\/span><\/i><span style=\"font-weight: 400;\">programming block was the establishment of a media library whose source code is available in our repository, licensed as GPL 3.0 free software: <\/span><a href=\"https:\/\/github.com\/K0F\/etcetera\"><span style=\"font-weight: 400;\">https:\/\/github.com\/K0F\/etcetera<\/span><\/a><span style=\"font-weight: 400;\">.\u00a0<\/span><\/p>\n<h2 style=\"padding-left: 40px;\"><span style=\"font-weight: 400;\">1<\/span><\/h2>\n<p>&nbsp;<\/p>\n<p style=\"padding-left: 40px;\"><span style=\"font-weight: 400;\">The gallery supports the creation of new works through exhibitions, screenings, or residencies. It does not take on a producer\u2019s role, i.e. investment and, by extension, commercial participation. Before the beginning of the collaboration, the gallery will agree to terms with the artists in the areas listed below. The preferred approach (suggested as a new standard) from the gallery\u2019s side is presented in the second part of the manual. By putting the conditions down in writing, the gallery aims to ensure mutual fairness in negotiations.<\/span><\/p>\n<p style=\"padding-left: 40px;\"><span style=\"font-weight: 400;\">Areas which should form part of the agreement between the institutions and the artists:<\/span><\/p>\n<ul>\n<li style=\"list-style-type: none;\">\n<ul>\n<li style=\"list-style-type: none;\">\n<ul>\n<li><span style=\"font-weight: 400;\">authorship of the work, or collective authorship and co-authorship if need be (including the authorship of any third parties), the conditions of any potential rights for third parties<\/span><\/li>\n<li><span style=\"font-weight: 400;\">adequate financial compensation (the artist will receive a fee for their work)<\/span><\/li>\n<li><span style=\"font-weight: 400;\">offline or online inclusion in the media library<\/span><\/li>\n<li><span style=\"font-weight: 400;\">the possibility of future presentation of the work in the gallery or within the framework of events organised by the gallery (e.g. touring screenings)<\/span><\/li>\n<li><span style=\"font-weight: 400;\">the possibility of publishing documentation from the production and presentation of the work, as well as documentation of the work itself<\/span><\/li>\n<li><span style=\"font-weight: 400;\">required and preferred conditions for the work\u2019s presentation<\/span><\/li>\n<li><span style=\"font-weight: 400;\">due process in the case of third party interest (loans, contact mediation, etc.)<\/span><\/li>\n<li><span style=\"font-weight: 400;\">long-term storage of the work<\/span><\/li>\n<\/ul>\n<\/li>\n<\/ul>\n<\/li>\n<\/ul>\n<h2 style=\"padding-left: 40px;\"><span style=\"font-weight: 400;\">2<\/span><\/h2>\n<p>&nbsp;<\/p>\n<p style=\"padding-left: 40px;\"><span style=\"font-weight: 400;\">The gallery aims for the broadest possible availability of moving image art, as well as fairness and sustainability in related procedures and practices.<\/span><\/p>\n<p style=\"padding-left: 40px;\"><span style=\"font-weight: 400;\">Activities in the area of moving image arise from the programme and current exhibition concept of the gallery. They are not taken to have a purpose in themselves nor to be media-specific. In addition to the works themselves, the gallery also attends to their creation and presentation.<\/span><\/p>\n<p style=\"padding-left: 40px;\"><span style=\"font-weight: 400;\">Authorship: together with the artists, the gallery adequately takes into consideration any potential co-authors, including third-party rights and any other audiovisual works used.<\/span><\/p>\n<p style=\"padding-left: 40px;\"><span style=\"font-weight: 400;\">Adequate financial compensation: the artists are due a fee for any exhibiting\/presentation of the work. The gallery favours an economic model built on distribution and presentation, as opposed to a limited edition model, which is built on the commodification of art works. When negotiating fees, the gallery aims to financially compensate the artists equally regardless of their origin or status.<\/span><\/p>\n<p style=\"padding-left: 40px;\"><span style=\"font-weight: 400;\">The work\u2019s inclusion in the media library: the gallery presents works in its media library, established for reference purposes. The gallery does so in the interest of the broadest possible availability of moving image art and with the conviction that the selected method of dissemination and distribution does not lead to a devaluation of the published works. Access to the media library is free after prior arrangement. The gallery aims to make available online all the works on whose creation it participated.<\/span><\/p>\n<p style=\"padding-left: 40px;\"><span style=\"font-weight: 400;\">The current version of the offline media library (i.e. the version in use at etc. gallery since May 2019) is published under the free software GPL 3.0 license. The software is independent of the presented works and is thus free to share as such, as well as to recycle for further use in the repository: https:\/\/github.com\/K0F\/etcetera<\/span><\/p>\n<p style=\"padding-left: 40px;\"><span style=\"font-weight: 400;\">Options for further presentation of the work by the gallery: the gallery attempts to ensure the possibility of further exhibition or screenings of the work with reference to the required and preferred possibilities for its presentation. Before repeated exhibition or screenings, the gallery will contact the artist.<\/span><\/p>\n<p style=\"padding-left: 40px;\"><span style=\"font-weight: 400;\">Options for publishing documentation: the gallery reserves the right to make and distribute audiovisual documentation of the installation and presentation of the exhibited or screened works.<\/span><\/p>\n<p style=\"padding-left: 40px;\"><span style=\"font-weight: 400;\">Required and preferred modes of presentation: the gallery takes into account the conceptual and technical parameters for the presentation of audiovisual works, such as projection formats, methods of presentation (screening or screen), the possibilities of inclusion in a screening programme, playback of the audio component, and the like.<\/span><\/p>\n<p style=\"padding-left: 40px;\"><span style=\"font-weight: 400;\">Due process in the case of third party interest: the gallery mediates contact with the artist, whose agreement and proper settlement are indispensable in order for the work to be loaned. The gallery also proceeds in this manner in the case of works on whose production it did not participate (financially or otherwise).<\/span><\/p>\n<p style=\"padding-left: 40px;\"><span style=\"font-weight: 400;\">Long-term storage of the work: the gallery does not feel capable of ensuring long-term storage for the works which it has in its administration. However, it aims to make available particularly those works on the production of which it participated, and for which it thus bears special responsibility. It also continually advocates for systematic solutions in preservation of audiovisual works, which it sees as primarily appertaining to state and public institutions of a museum nature.<\/span><\/p>\n<p style=\"padding-left: 40px;\">\n<\/div>\n<\/div>\n<p><\/p>","protected":false},"excerpt":{"rendered":"<p>Manual for Handling Moving Image\u00a0formulates a set of principles for the gallery to follow when collaborating with artists and handling audiovisual works. The processes of archiving, production, and distribution of audiovisual works in the gallery environment are often accompanied by a number of uncertainties and ambiguities. The creation of this manual was instigated by a [&hellip;]<\/p>\n","protected":false},"author":2,"featured_media":0,"parent":0,"menu_order":0,"comment_status":"closed","ping_status":"closed","template":"","meta":{"footnotes":""},"class_list":["post-3204","page","type-page","status-publish","hentry"],"_links":{"self":[{"href":"https:\/\/etcgalerie.cz\/en\/wp-json\/wp\/v2\/pages\/3204","targetHints":{"allow":["GET"]}}],"collection":[{"href":"https:\/\/etcgalerie.cz\/en\/wp-json\/wp\/v2\/pages"}],"about":[{"href":"https:\/\/etcgalerie.cz\/en\/wp-json\/wp\/v2\/types\/page"}],"author":[{"embeddable":true,"href":"https:\/\/etcgalerie.cz\/en\/wp-json\/wp\/v2\/users\/2"}],"replies":[{"embeddable":true,"href":"https:\/\/etcgalerie.cz\/en\/wp-json\/wp\/v2\/comments?post=3204"}],"version-history":[{"count":23,"href":"https:\/\/etcgalerie.cz\/en\/wp-json\/wp\/v2\/pages\/3204\/revisions"}],"predecessor-version":[{"id":3410,"href":"https:\/\/etcgalerie.cz\/en\/wp-json\/wp\/v2\/pages\/3204\/revisions\/3410"}],"wp:attachment":[{"href":"https:\/\/etcgalerie.cz\/en\/wp-json\/wp\/v2\/media?parent=3204"}],"curies":[{"name":"wp","href":"https:\/\/api.w.org\/{rel}","templated":true}]}}