{"id":3071,"date":"2019-06-14T12:36:51","date_gmt":"2019-06-14T12:36:51","guid":{"rendered":"http:\/\/etcgalerie.cz\/?page_id=3071"},"modified":"2025-08-23T18:13:04","modified_gmt":"2025-08-23T16:13:04","slug":"mediateka","status":"publish","type":"page","link":"https:\/\/etcgalerie.cz\/en\/mediateka\/","title":{"rendered":"Media Library"},"content":{"rendered":"<p><\/p>\n<p style=\"padding-left: 60px;\">Media library of the etc. gallery makes accessible a selection of artworks, which were in the past included in the programme of the gallery. The artworks are available for study purposes only. If interested in visiting the library, please make an appointment on\u00a0<span style=\"color: #ff0000;\">mail.etcgalerie@gmail.com<\/span>.<\/p>\n<p style=\"padding-left: 60px;\">The following works are currently on view in the library:<\/p>\n<table class=\"alignleft\" dir=\"ltr\" style=\"margin-left: auto; margin-right: auto; height: 867px;\" border=\"1\" width=\"653\" cellspacing=\"0\" cellpadding=\"0\">\n<colgroup>\n<col width=\"227\" \/>\n<col width=\"227\" \/>\n<col width=\"227\" \/><\/colgroup>\n<tbody>\n<tr>\n<td style=\"padding-left: 30px; padding-right: 30px;\" data-sheets-value=\"{&quot;1&quot;:2,&quot;2&quot;:&quot;Ale\u0161 \u010cerm\u00e1k&quot;}\">Ale\u0161 \u010cerm\u00e1k<\/td>\n<td style=\"padding-left: 30px;\" data-sheets-value=\"{&quot;1&quot;:2,&quot;2&quot;:&quot;151 like surface of [lo] 555 111 light try&quot;}\">151 like surface of [lo] 555 111 light try<\/td>\n<td style=\"padding-left: 30px;\"><\/td>\n<\/tr>\n<tr style=\"padding-left: 30px;\">\n<td style=\"padding-left: 30px;\" data-sheets-value=\"{&quot;1&quot;:2,&quot;2&quot;:&quot;Lucie Rosenfeldov\u00e1&quot;}\">Lucie Rosenfeldov\u00e1<\/td>\n<td style=\"padding-left: 30px;\" data-sheets-value=\"{&quot;1&quot;:2,&quot;2&quot;:&quot;Nepokoje vlastn\u00edho&quot;}\">Nepokoje vlastn\u00edho<\/td>\n<td style=\"padding-left: 30px;\" data-sheets-value=\"{&quot;1&quot;:2,&quot;2&quot;:&quot;Restlessness of Property\\n&quot;}\">Restlessness of Property<\/td>\n<\/tr>\n<tr style=\"padding-left: 30px;\">\n<td style=\"padding-left: 30px;\" data-sheets-value=\"{&quot;1&quot;:2,&quot;2&quot;:&quot;Tom\u00e1\u0161 Hlav\u00e1\u010dek&quot;}\">Tom\u00e1\u0161 Hlav\u00e1\u010dek<\/td>\n<td style=\"padding-left: 30px;\" data-sheets-value=\"{&quot;1&quot;:2,&quot;2&quot;:&quot;P\u0159isti\u017een\u00e1 skute\u010dnost&quot;}\">P\u0159isti\u017een\u00e1 skute\u010dnost<\/td>\n<td style=\"padding-left: 30px;\" data-sheets-value=\"{&quot;1&quot;:2,&quot;2&quot;:&quot;Caught Reality&quot;}\">Caught Reality<\/td>\n<\/tr>\n<tr style=\"padding-left: 30px;\">\n<td style=\"padding-left: 30px;\" data-sheets-value=\"{&quot;1&quot;:2,&quot;2&quot;:&quot;Alice R\u016f\u017ei\u010dkov\u00e1&quot;}\">Alice R\u016f\u017ei\u010dkov\u00e1<\/td>\n<td style=\"padding-left: 30px;\" data-sheets-value=\"{&quot;1&quot;:2,&quot;2&quot;:&quot;Pozitivn\u00ed negativ&quot;}\">Pozitivn\u00ed negativ<\/td>\n<td style=\"padding-left: 30px;\"><\/td>\n<\/tr>\n<tr style=\"padding-left: 30px;\">\n<td style=\"padding-left: 30px;\" data-sheets-value=\"{&quot;1&quot;:2,&quot;2&quot;:&quot;Alice R\u016f\u017ei\u010dkov\u00e1&quot;}\">Alice R\u016f\u017ei\u010dkov\u00e1<\/td>\n<td style=\"padding-left: 30px;\" data-sheets-value=\"{&quot;1&quot;:2,&quot;2&quot;:&quot;Biostruktury&quot;}\">Biostruktury<\/td>\n<td style=\"padding-left: 30px;\"><\/td>\n<\/tr>\n<tr style=\"padding-left: 30px;\">\n<td style=\"padding-left: 30px;\" data-sheets-value=\"{&quot;1&quot;:2,&quot;2&quot;:&quot;Alice R\u016f\u017ei\u010dkov\u00e1&quot;}\">Alice R\u016f\u017ei\u010dkov\u00e1<\/td>\n<td style=\"padding-left: 30px;\" data-sheets-value=\"{&quot;1&quot;:2,&quot;2&quot;:&quot;[:rouge moulin:]&quot;}\">[:rouge moulin:]<\/td>\n<td style=\"padding-left: 30px;\"><\/td>\n<\/tr>\n<tr style=\"padding-left: 30px;\">\n<td style=\"padding-left: 30px;\" data-sheets-value=\"{&quot;1&quot;:2,&quot;2&quot;:&quot;Alice R\u016f\u017ei\u010dkov\u00e1&quot;}\">Alice R\u016f\u017ei\u010dkov\u00e1<\/td>\n<td style=\"padding-left: 30px;\" data-sheets-value=\"{&quot;1&quot;:2,&quot;2&quot;:&quot;Cal\u00e1bek autonomn\u00ed&quot;}\">Cal\u00e1bek autonomn\u00ed<\/td>\n<td style=\"padding-left: 30px;\"><\/td>\n<\/tr>\n<tr style=\"padding-left: 30px;\">\n<td style=\"padding-left: 30px;\" data-sheets-value=\"{&quot;1&quot;:2,&quot;2&quot;:&quot;Jana Kapelov\u00e1&quot;}\">Jana Kapelov\u00e1<\/td>\n<td style=\"padding-left: 30px;\" data-sheets-value=\"{&quot;1&quot;:2,&quot;2&quot;:&quot;Paradox akv\u00e1ria (performance)&quot;}\">Paradox akv\u00e1ria (performance)<\/td>\n<td style=\"padding-left: 30px;\" data-sheets-value=\"{&quot;1&quot;:2,&quot;2&quot;:&quot;Aquarium Paradox&quot;}\">Aquarium Paradox<\/td>\n<\/tr>\n<tr style=\"padding-left: 30px;\">\n<td style=\"padding-left: 30px;\" data-sheets-value=\"{&quot;1&quot;:2,&quot;2&quot;:&quot;David P\u0159\u00edlu\u010d\u00edk&quot;}\">David P\u0159\u00edlu\u010d\u00edk<\/td>\n<td style=\"padding-left: 30px;\" data-sheets-value=\"{&quot;1&quot;:2,&quot;2&quot;:&quot;Blind Bidding&quot;}\">Blind Bidding<\/td>\n<td style=\"padding-left: 30px;\"><\/td>\n<\/tr>\n<tr style=\"padding-left: 30px;\">\n<td style=\"padding-left: 30px;\" data-sheets-value=\"{&quot;1&quot;:2,&quot;2&quot;:&quot;Ruti Sela &amp;\u00a0Maayan Amir&quot;}\">Ruti Sela &amp;\u00a0Maayan Amir<\/td>\n<td style=\"padding-left: 30px;\" data-sheets-value=\"{&quot;1&quot;:2,&quot;2&quot;:&quot;Image Blockade&quot;}\">Image Blockade<\/td>\n<td style=\"padding-left: 30px;\"><\/td>\n<\/tr>\n<tr style=\"padding-left: 30px;\">\n<td style=\"padding-left: 30px;\" data-sheets-value=\"{&quot;1&quot;:2,&quot;2&quot;:&quot;Nika Autor&quot;}\">Nika Autor<\/td>\n<td style=\"padding-left: 30px;\" data-sheets-value=\"{&quot;1&quot;:2,&quot;2&quot;:&quot;Newsreel 63&quot;}\">Newsreel 63<\/td>\n<td style=\"padding-left: 30px;\"><\/td>\n<\/tr>\n<tr style=\"padding-left: 30px;\">\n<td style=\"padding-left: 30px;\" data-sheets-value=\"{&quot;1&quot;:2,&quot;2&quot;:&quot;Marie Luk\u00e1\u010dov\u00e1&quot;}\">Marie Luk\u00e1\u010dov\u00e1<\/td>\n<td style=\"padding-left: 30px;\" data-sheets-value=\"{&quot;1&quot;:2,&quot;2&quot;:&quot;\u010cHOS&quot;}\">\u010cHOS<\/td>\n<td style=\"padding-left: 30px;\" data-sheets-value=\"{&quot;1&quot;:2,&quot;2&quot;:&quot;CBDS&quot;}\">CBDS<\/td>\n<\/tr>\n<tr style=\"padding-left: 30px;\">\n<td style=\"padding-left: 30px;\" data-sheets-value=\"{&quot;1&quot;:2,&quot;2&quot;:&quot;Nir Evron&quot;}\">Nir Evron<\/td>\n<td style=\"padding-left: 30px;\" data-sheets-value=\"{&quot;1&quot;:2,&quot;2&quot;:&quot;Cover Version&quot;}\">Cover Version<\/td>\n<td style=\"padding-left: 30px;\"><\/td>\n<\/tr>\n<tr style=\"padding-left: 30px;\">\n<td style=\"padding-left: 30px;\" data-sheets-value=\"{&quot;1&quot;:2,&quot;2&quot;:&quot;Oleksiy Radynski&quot;}\">Oleksiy Radynski<\/td>\n<td style=\"padding-left: 30px;\" data-sheets-value=\"{&quot;1&quot;:2,&quot;2&quot;:&quot;Landslide&quot;}\">Landslide<\/td>\n<td style=\"padding-left: 30px;\"><\/td>\n<\/tr>\n<tr style=\"padding-left: 30px;\">\n<td style=\"padding-left: 30px;\" data-sheets-value=\"{&quot;1&quot;:2,&quot;2&quot;:&quot;Oleksiy Radynski&quot;}\">Oleksiy Radynski<\/td>\n<td style=\"padding-left: 30px;\" data-sheets-value=\"{&quot;1&quot;:2,&quot;2&quot;:&quot;Banner&quot;}\">Banner<\/td>\n<td style=\"padding-left: 30px;\"><\/td>\n<\/tr>\n<tr style=\"padding-left: 30px;\">\n<td style=\"padding-left: 30px;\" data-sheets-value=\"{&quot;1&quot;:2,&quot;2&quot;:&quot;Oleksiy Radynski&quot;}\">Oleksiy Radynski<\/td>\n<td style=\"padding-left: 30px;\" data-sheets-value=\"{&quot;1&quot;:2,&quot;2&quot;:&quot;The Film of Kyiv. Episode One&quot;}\">The Film of Kyiv. Episode One<\/td>\n<td style=\"padding-left: 30px;\"><\/td>\n<\/tr>\n<tr style=\"padding-left: 30px;\">\n<td style=\"padding-left: 30px;\" data-sheets-value=\"{&quot;1&quot;:2,&quot;2&quot;:&quot;Nira Pereg&quot;}\">Nira Pereg<\/td>\n<td style=\"padding-left: 30px;\" data-sheets-value=\"{&quot;1&quot;:2,&quot;2&quot;:&quot;Sabbath 2008&quot;}\">Sabbath 2008<\/td>\n<td style=\"padding-left: 30px;\"><\/td>\n<\/tr>\n<tr style=\"padding-left: 30px;\">\n<td style=\"padding-left: 30px;\" data-sheets-value=\"{&quot;1&quot;:2,&quot;2&quot;:&quot;Lucia Nimcov\u00e1&quot;}\">Lucia Nimcov\u00e1<\/td>\n<td style=\"padding-left: 30px;\" data-sheets-value=\"{&quot;1&quot;:2,&quot;2&quot;:&quot;Martelinar&quot;}\">Martelinar<\/td>\n<td style=\"padding-left: 30px;\"><\/td>\n<\/tr>\n<tr style=\"padding-left: 30px;\">\n<td style=\"padding-left: 30px;\" data-sheets-value=\"{&quot;1&quot;:2,&quot;2&quot;:&quot;\u0160t\u011bp\u00e1n Pech&quot;}\">\u0160t\u011bp\u00e1n Pech<\/td>\n<td style=\"padding-left: 30px;\" data-sheets-value=\"{&quot;1&quot;:2,&quot;2&quot;:&quot;Val&quot;}\">Val<\/td>\n<td style=\"padding-left: 30px;\" data-sheets-value=\"{&quot;1&quot;:2,&quot;2&quot;:&quot;Barrier&quot;}\">Barrier<\/td>\n<\/tr>\n<tr style=\"padding-left: 30px;\">\n<td style=\"padding-left: 30px;\" data-sheets-value=\"{&quot;1&quot;:2,&quot;2&quot;:&quot;Irina Botea Bucan&quot;}\">Irina Botea Bucan<\/td>\n<td style=\"padding-left: 30px;\" data-sheets-value=\"{&quot;1&quot;:2,&quot;2&quot;:&quot;Auditions for a Revolution&quot;}\">Auditions for a Revolution<\/td>\n<td style=\"padding-left: 30px;\"><\/td>\n<\/tr>\n<tr style=\"padding-left: 30px;\">\n<td style=\"padding-left: 30px;\" data-sheets-value=\"{&quot;1&quot;:2,&quot;2&quot;:&quot;Mykola Ridnyi&quot;}\">Mykola Ridnyi<\/td>\n<td style=\"padding-left: 30px;\" data-sheets-value=\"{&quot;1&quot;:2,&quot;2&quot;:&quot;Grey Horses&quot;}\">Grey Horses<\/td>\n<td style=\"padding-left: 30px;\"><\/td>\n<\/tr>\n<tr style=\"padding-left: 30px;\">\n<td style=\"padding-left: 30px;\" data-sheets-value=\"{&quot;1&quot;:2,&quot;2&quot;:&quot;Ad\u00e9la Babanov\u00e1&quot;}\">Ad\u00e9la Babanov\u00e1<\/td>\n<td style=\"padding-left: 30px;\" data-sheets-value=\"{&quot;1&quot;:2,&quot;2&quot;:&quot;N\u00e1vrat do Adriaportu&quot;}\">N\u00e1vrat do Adriaportu<\/td>\n<td style=\"padding-left: 30px;\" data-sheets-value=\"{&quot;1&quot;:2,&quot;2&quot;:&quot;Return to Adriaport&quot;}\">Return to Adriaport<\/td>\n<\/tr>\n<tr style=\"padding-left: 30px;\">\n<td style=\"padding-left: 30px;\" data-sheets-value=\"{&quot;1&quot;:2,&quot;2&quot;:&quot;Anri Sala&quot;}\">Anri Sala<\/td>\n<td style=\"padding-left: 30px;\" data-sheets-value=\"{&quot;1&quot;:2,&quot;2&quot;:&quot;Intervista&quot;}\">Intervista<\/td>\n<td style=\"padding-left: 30px;\"><\/td>\n<\/tr>\n<tr style=\"padding-left: 30px;\">\n<td style=\"padding-left: 30px; padding-right: 30px;\" data-sheets-value=\"{&quot;1&quot;:2,&quot;2&quot;:&quot;Joshua Bonnetta &amp; J. P. Sniadecki &quot;}\">Joshua Bonnetta &amp; J. P. Sniadecki<\/td>\n<td style=\"padding-left: 30px;\" data-sheets-value=\"{&quot;1&quot;:2,&quot;2&quot;:&quot;El Mar La Mar&quot;}\">El Mar La Mar<\/td>\n<td><\/td>\n<\/tr>\n<tr style=\"padding-left: 30px;\">\n<td style=\"padding-left: 30px;\" data-sheets-value=\"{&quot;1&quot;:2,&quot;2&quot;:&quot;Joshua Bonnetta &amp; J. P. Sniadecki &quot;}\">Ji\u0159\u00ed \u017d\u00e1k<\/td>\n<td style=\"padding-left: 30px;\" data-sheets-value=\"{&quot;1&quot;:2,&quot;2&quot;:&quot;El Mar La Mar&quot;}\"><span style=\"color: #ff0000;\"><a style=\"color: #ff0000;\" href=\"https:\/\/etcgalerie.cz\/cs\/deep-real-havel\/\" target=\"_blank\" rel=\"noopener\">DeepReal Havel\u00a0<\/a><\/span><\/td>\n<td style=\"text-align: center;\"><span style=\"color: #ff0000;\"><a style=\"color: #ff0000;\" href=\"https:\/\/etcgalerie.cz\/en\/deep-real-havel\/\" target=\"_blank\" rel=\"noopener\">DeepReal Havel<\/a><\/span><\/td>\n<\/tr>\n<tr style=\"padding-left: 30px;\">\n<td style=\"padding-left: 30px;\" data-sheets-value=\"{&quot;1&quot;:2,&quot;2&quot;:&quot;Joshua Bonnetta &amp; J. P. Sniadecki &quot;}\">Tereza Darmovzalov\u00e1<\/td>\n<td style=\"padding-left: 30px;\" data-sheets-value=\"{&quot;1&quot;:2,&quot;2&quot;:&quot;El Mar La Mar&quot;}\"><span style=\"color: #ff0000;\"><a style=\"color: #ff0000;\" href=\"https:\/\/etcgalerie.cz\/cs\/tereza-darmovzalova-ve-svetle-rizenych-udalosti\/\" target=\"_blank\" rel=\"noopener\">Ve sv\u011btle \u0159\u00edzen\u00fdch ud\u00e1lost\u00ed<\/a><\/span><\/td>\n<td style=\"text-align: center;\"><span style=\"color: #ff0000;\"><a style=\"color: #ff0000;\" href=\"https:\/\/etcgalerie.cz\/en\/tereza-darmovzalova-ve-svetle-rizenych-udalosti\/\" target=\"_blank\" rel=\"noopener\">In Light of Controlled Events<\/a><\/span><\/td>\n<\/tr>\n<tr style=\"padding-left: 30px;\">\n<td style=\"padding-left: 30px;\" data-sheets-value=\"{&quot;1&quot;:2,&quot;2&quot;:&quot;Joshua Bonnetta &amp; J. P. Sniadecki &quot;}\">Lucie Rosenfeldov\u00e1 &amp; Mat\u011bj Pavl\u00edk<\/td>\n<td style=\"padding-left: 30px;\" data-sheets-value=\"{&quot;1&quot;:2,&quot;2&quot;:&quot;El Mar La Mar&quot;}\"><span style=\"color: #ff0000;\"><a style=\"color: #ff0000;\" href=\"https:\/\/etcgalerie.cz\/cs\/technologie-sebedotykani-oka\/\" target=\"_blank\" rel=\"noopener\">Technologie sebedot\u00fdk\u00e1n\u00ed oka<\/a><\/span><\/td>\n<td style=\"text-align: center;\"><span style=\"color: #ff0000;\"><a style=\"color: #ff0000;\" href=\"https:\/\/etcgalerie.cz\/en\/technologie-sebedotykani-oka\/\" target=\"_blank\" rel=\"noopener\">Technology of the Self-touching of the Eye<\/a><\/span><\/td>\n<\/tr>\n<tr style=\"padding-left: 30px;\">\n<td style=\"padding-left: 30px;\" data-sheets-value=\"{&quot;1&quot;:2,&quot;2&quot;:&quot;Joshua Bonnetta &amp; J. P. Sniadecki &quot;}\">Anna Kryvenko<\/td>\n<td style=\"padding-left: 30px;\" data-sheets-value=\"{&quot;1&quot;:2,&quot;2&quot;:&quot;El Mar La Mar&quot;}\"><span style=\"color: #ff0000;\"><a style=\"color: #ff0000;\" href=\"https:\/\/etcgalerie.cz\/cs\/predstavy-komunity-vi-lekce-kolektivni-samoty\/\" target=\"_blank\" rel=\"noopener\">Lekce kolektivn\u00ed samoty<\/a><\/span><\/td>\n<td style=\"text-align: center;\"><span style=\"color: #ff0000;\"><a style=\"color: #ff0000;\" href=\"https:\/\/etcgalerie.cz\/en\/predstavy-komunity-vi-lekce-kolektivni-samoty\/\" target=\"_blank\" rel=\"noopener\">Class of Collective Loneliness<\/a><\/span><\/td>\n<\/tr>\n<tr style=\"padding-left: 30px;\">\n<td style=\"padding-left: 30px;\" data-sheets-value=\"{&quot;1&quot;:2,&quot;2&quot;:&quot;Joshua Bonnetta &amp; J. P. Sniadecki &quot;}\">Kolektiv Pr\u00e1delna<\/td>\n<td style=\"padding-left: 30px;\" data-sheets-value=\"{&quot;1&quot;:2,&quot;2&quot;:&quot;El Mar La Mar&quot;}\"><span style=\"color: #ff0000;\"><a style=\"color: #ff0000;\" href=\"https:\/\/etcgalerie.cz\/cs\/predstavy-komunity-v-kameru-vsem\/\" target=\"_blank\" rel=\"noopener\">Jak vyd\u011blat na um\u011blc\u00edch<\/a><\/span><\/td>\n<td style=\"text-align: center;\"><span style=\"color: #ff0000;\"><a style=\"color: #ff0000;\" href=\"https:\/\/etcgalerie.cz\/en\/predstavy-komunity-v-kameru-vsem\/\" target=\"_blank\" rel=\"noopener\">How to Make Money off Artists<\/a><\/span><\/td>\n<\/tr>\n<tr>\n<td style=\"padding-left: 30px;\" data-sheets-value=\"{Tamara Spalajkovi\u0107}\">Tamara Spalajkovi\u0107<\/td>\n<td style=\"padding-left: 30px;\" data-sheets-value=\"{Net Worth, Intercepting Urbanization}\"><a style=\"color: #ff0000;\" href=\"https:\/\/etcgalerie.cz\/cs\/solova-vystava-tamary-spalajkovic\/ \" target=\"_blank\" rel=\"noopener\">Net Worth, Intercepting Urbanization<\/a><\/td>\n<td style=\"padding-left: 30px;\"><\/td>\n<\/tr>\n<tr>\n<td style=\"padding-left: 30px;\" data-sheets-value=\"{Martina Havl\u00ed\u010dkov\u00e1 Hol\u00e1}\">Martina Havl\u00ed\u010dkov\u00e1 Hol\u00e1<\/td>\n<td style=\"padding-left: 30px;\" data-sheets-value=\"{Dlouhodob\u00e9 c\u00edle}\"><a style=\"color: #ff0000;\" href=\"https:\/\/etcgalerie.cz\/cs\/martina-havlickova-hola-dlouhodobe-cile\/\" target=\"_blank\" rel=\"noopener\">Dlouhodob\u00e9 c\u00edle<\/a><\/td>\n<td style=\"padding-left: 30px;\" data-sheets-value=\"{Long-term Goals}\"><a style=\"color: #ff0000;\" href=\"https:\/\/etcgalerie.cz\/cs\/martina-havlickova-hola-dlouhodobe-cile\/\" target=\"_blank\" rel=\"noopener\">Long-term Goals<\/a><\/td>\n<\/tr>\n<tr>\n<td style=\"padding-left: 30px;\" data-sheets-value=\"{D\u00e1vid Koronczi}\">D\u00e1vid Koronczi<\/td>\n<td style=\"padding-left: 30px;\" data-sheets-value=\"{Ovocie prahnutia}\"><a style=\"color: #ff0000;\" href=\"https:\/\/etcgalerie.cz\/cs\/david-koronczi\/\" target=\"_blank\" rel=\"noopener\">Ovocie prahnutia<\/a><\/td>\n<td style=\"padding-left: 30px;\" data-sheets-value=\"{Fruits of Yearning}\"><a style=\"color: #ff0000;\" href=\"https:\/\/etcgalerie.cz\/cs\/david-koronczi\/\" target=\"_blank\" rel=\"noopener\">Fruits of Yearning<\/a><\/td>\n<\/tr>\n<tr>\n<td style=\"padding-left: 30px;\" data-sheets-value=\"{Franti\u0161ek Fekete}\">Franti\u0161ek Fekete<\/td>\n<td style=\"padding-left: 30px;\" data-sheets-value=\"{Querrs*Mystics*Ravers}\"><a style=\"color: #ff0000;\" href=\"https:\/\/etcgalerie.cz\/cs\/frantisek-fekete-queersmysticsravers\/\" target=\"_blank\" rel=\"noopener\">Querrs*Mystics*Ravers<\/a><\/td>\n<td style=\"padding-left: 30px;\"><\/td>\n<\/tr>\n<tr>\n<td style=\"padding-left: 30px;\" data-sheets-value=\"{J\u00e1chym \u0160idl\u00e1k}\">J\u00e1chym \u0160idl\u00e1k<\/td>\n<td style=\"padding-left: 30px;\" data-sheets-value=\"{Vst\u0159\u00edc Eremos: Forma, Pr\u00e1zdnota, Posthumanimus}\"><a style=\"color: #ff0000;\" href=\"https:\/\/etcgalerie.cz\/cs\/jachym-sidlak-vstric-eremos-forma-prazdnota-posthumanismus\/\" target=\"_blank\" rel=\"noopener\">Vst\u0159\u00edc Eremos: Forma, Pr\u00e1zdnota, Posthumanimus<\/a><\/td>\n<td style=\"padding-left: 30px;\" data-sheets-value=\"{Towards Eremos: Form, Emptiness, Posthumanism}\"><a style=\"color: #ff0000;\" href=\"https:\/\/etcgalerie.cz\/en\/jachym-sidlak-vstric-eremos-forma-prazdnota-posthumanismus\/\" target=\"_blank\" rel=\"noopener\">Towards Eremos: Form, Emptiness, Posthumanism<\/a><\/td>\n<\/tr>\n<tr>\n<td style=\"padding-left: 30px;\" data-sheets-value=\"{Tereza Kalousov\u00e1}\">Tereza Kalousov\u00e1<\/td>\n<td style=\"padding-left: 30px;\" data-sheets-value=\"{Vanilla Sky}\"><a style=\"color: #ff0000;\" href=\"https:\/\/etcgalerie.cz\/cs\/tereza-kalousova-to-the-bone\/\" target=\"_blank\" rel=\"noopener\">Vanilla Sky<\/a><\/td>\n<td style=\"padding-left: 30px;\" data-sheets-value=\"{Vanilla Sky}\"><a style=\"color: #ff0000;\" href=\"https:\/\/etcgalerie.cz\/cs\/tereza-kalousova-to-the-bone\/\" target=\"_blank\" rel=\"noopener\">Vanilla Sky<\/a><\/td>\n<\/tr>\n<\/tbody>\n<\/table>\n<p><\/p>","protected":false},"excerpt":{"rendered":"<p>Media library of the etc. gallery makes accessible a selection of artworks, which were in the past included in the programme of the gallery. The artworks are available for study purposes only. If interested in visiting the library, please make an appointment on\u00a0mail.etcgalerie@gmail.com. The following works are currently on view in the library: Ale\u0161 \u010cerm\u00e1k [&hellip;]<\/p>\n","protected":false},"author":6,"featured_media":0,"parent":0,"menu_order":0,"comment_status":"closed","ping_status":"closed","template":"","meta":{"footnotes":""},"class_list":["post-3071","page","type-page","status-publish","hentry"],"_links":{"self":[{"href":"https:\/\/etcgalerie.cz\/en\/wp-json\/wp\/v2\/pages\/3071","targetHints":{"allow":["GET"]}}],"collection":[{"href":"https:\/\/etcgalerie.cz\/en\/wp-json\/wp\/v2\/pages"}],"about":[{"href":"https:\/\/etcgalerie.cz\/en\/wp-json\/wp\/v2\/types\/page"}],"author":[{"embeddable":true,"href":"https:\/\/etcgalerie.cz\/en\/wp-json\/wp\/v2\/users\/6"}],"replies":[{"embeddable":true,"href":"https:\/\/etcgalerie.cz\/en\/wp-json\/wp\/v2\/comments?post=3071"}],"version-history":[{"count":33,"href":"https:\/\/etcgalerie.cz\/en\/wp-json\/wp\/v2\/pages\/3071\/revisions"}],"predecessor-version":[{"id":6416,"href":"https:\/\/etcgalerie.cz\/en\/wp-json\/wp\/v2\/pages\/3071\/revisions\/6416"}],"wp:attachment":[{"href":"https:\/\/etcgalerie.cz\/en\/wp-json\/wp\/v2\/media?parent=3071"}],"curies":[{"name":"wp","href":"https:\/\/api.w.org\/{rel}","templated":true}]}}