{"id":1091,"date":"2011-06-21T19:13:22","date_gmt":"2011-06-21T19:13:22","guid":{"rendered":"http:\/\/etcgalerie.cz\/content\/?page_id=2"},"modified":"2026-02-18T14:40:56","modified_gmt":"2026-02-18T13:40:56","slug":"gallery-info","status":"publish","type":"page","link":"https:\/\/etcgalerie.cz\/en\/gallery-info\/","title":{"rendered":"Contact"},"content":{"rendered":"<p><\/p>\n<div class=\"row\">\n<div class=\"large-4 small-8 large-offset-2 columns \">\n<p><span style=\"font-weight: 400;\">etc. galerie z.s.<\/span><span style=\"font-weight: 400;\"><br \/>\n<\/span><span style=\"font-weight: 400;\">Sarajevsk\u00e1 68\/16<\/span><span style=\"font-weight: 400;\"><br \/>\n<\/span><span style=\"font-weight: 400;\">Praha 2 120 00<\/span><span style=\"font-weight: 400;\"><br \/>\n<\/span><span style=\"font-weight: 400;\">Czech Republic<\/span><span style=\"font-weight: 400;\"><br \/>\n<\/span><span style=\"font-weight: 400;\">I\u010c: 22738924<\/span><\/p>\n<p><span style=\"font-weight: 400;\">kontakt: <a href=\"mailto:mail.etcgalerie@gmail.com\"><strong>mail.etcgalerie@gmail.com<\/strong><\/a><\/span><\/p>\n<p><span style=\"text-decoration: underline; color: #ff0000;\"><strong>Open hours:<\/strong><\/span><\/p>\n<p><strong>Thursdays and Saturdays 2 &#8211; 7 PM<\/strong><\/p>\n<p data-start=\"0\" data-end=\"123\"><span style=\"color: #ff0000;\"><strong>The gallery is open only during exhibitions or as part of other scheduled events. Please check the program before visiting. <\/strong><\/span><span style=\"color: #ff0000;\"><strong>Visits to the media library, library, or exhibitions outside opening hours are possible by prior appointment.<\/strong><\/span><\/p>\n<p><a href=\"https:\/\/www.facebook.com\/etc-galerie-81790601675\/\" target=\"_blank\" rel=\"noopener noreferrer\">Facebook<\/a><strong><span style=\"color: #ff0000;\"><br \/>\n<\/span><\/strong><\/p>\n<p><a href=\"https:\/\/www.instagram.com\/etc.galerie\/\" target=\"_blank\" rel=\"noopener noreferrer\">Instagram<\/a><\/p>\n<p><a href=\"https:\/\/etcgalerie.cz\/cs\/newsletter\/\">Newsletter<\/a><\/p>\n<p><a href=\"https:\/\/etcgalerie.cz\/cs\/nela-klajbanova\/\">Nela Klajbanov\u00e1<\/a><br \/>\ncurator<br \/>\n<a href=\"mailto:nela.klajbanova@gmail.com\">nela.klajbanova@gmail.com<\/a><br \/>\n+420 724 349 167<\/p>\n<p><span style=\"font-weight: 400;\"><a href=\"https:\/\/etcgalerie.cz\/cs\/sara-marc\/\">S\u00e1ra M\u00e4rc<\/a><br \/>\n<\/span><span style=\"font-weight: 400;\">curator<br \/>\n<\/span><a href=\"mailto:sara.marc@yahoo.com\"><span style=\"font-weight: 400;\">sara.marc@yahoo.com<\/span><\/a><br \/>\n<span style=\"font-weight: 400;\">+420731778776<\/span><\/p>\n<p><a href=\"https:\/\/etcgalerie.cz\/tereza-vinklarkova\/\"><span style=\"font-weight: 400;\">Tereza Vinkl\u00e1rkov\u00e1<br \/>\n<\/span><\/a><span style=\"font-weight: 400;\">project manager<\/span><br \/>\n<span style=\"font-weight: 400;\">+420732361865<\/span><\/p>\n<\/div>\n<\/div>\n<p><!-- Gallery Schema --><\/p>\n<div class=\"row\">\n<div class=\"large-4 medium-8 small-8 large-offset-2 columns\">\n<h2>About gallery<\/h2>\n<p>etc. gallery is a non-commercial gallery of contemporary art that presents the work of Czech and foreign visual artists through exhibitions, screenings and discussions. The exhibition programme deals mainly with the presentation of contemporary art of moving image film and video dealing with current socio-political issues. As part of various research projects, the gallery cooperates with a number of cultural and educational institutions, researchers and other experts.<\/p>\n<p>etc. the gallery systematically supports the work of contemporary artists focusing on moving image, provides professional reflection on this medium and contributes to the improvement of its institutional background. Each year, the gallery hosts two solo exhibitions, simultaneously producing new audiovisual artworks. Similarly, it offers curated screening selections that are presented as online exhibitions on the gallery&#8217;s website after screening, where there are original thematic essays as well.<\/p>\n<p>The gallery was established in 2004 as one of the first independent exhibition spaces in Prague. It was founded by the DRAWetc. studio headed by Vladim\u00edr Strej\u010dek and artists Ji\u0159\u00ed Franta and Ji\u0159\u00ed Sk\u00e1la. Three years later, Mark\u00e9ta Vinglerov\u00e1 joined the gallery&#8217;s curatorial team. In 2011, the founding members left the gallery and the artist Radim Langer and the curator Tereza Stejskalov\u00e1 began working there, replaced in 2013 by the artist Martin Prudil. In 2017, this space was taken over by curators Al\u017eb\u011bta Ba\u010d\u00edkov\u00e1 and Anna Reme\u0161ov\u00e1, with whom another curatorial duo, Mark\u00e9ta Jon\u00e1\u0161ov\u00e1 and Tom\u00e1\u0161 Kaj\u00e1nek, continued to collaborate. The current curators at etc. gallery are Nela Klajbanov\u00e1 and S\u00e1ra M\u00e4rc.<\/p>\n<p>In 2019, the gallery created a media library as part of the research project <i>Restless Image II: Limits of Motion<\/i>, developed for etc. gallery by Mat\u011bj Strnad, Anna Reme\u0161ov\u00e1 and Kry\u0161tof Pe\u0161ek. The gallery&#8217;s <strong><a href=\"https:\/\/etcgalerie.cz\/cs\/mediateka\/?preview_id=3071&amp;preview_nonce=0b985e1414&amp;_thumbnail_id=-1&amp;preview=true\">media library<\/a><\/strong>is used for onsite studying of the audiovisual artworks that were part of the gallery&#8217;s exhibition programme in the past. Another output of the research was the <i>Manual for Handling Moving Image, <\/i>which formulates a set of principles for the gallery to follow when collaborating with artists and dealing with these audiovisual works.<\/p>\n<p style=\"text-align: center;\"><a href=\"http:\/\/etcgalerie.cz\/wp-content\/themes\/FoundationPress\/\/assets\/pdfs\/etc-gallery-schema.pdf\" target=\"_blank\" rel=\"noopener noreferrer\"><img decoding=\"async\" src=\"http:\/\/etcgalerie.cz\/wp-content\/themes\/FoundationPress\/\/assets\/icons\/pudorys.svg\" alt=\"\" width=\"300px\" \/><\/a><\/figure>\n<p style=\"text-align: center;\"><a href=\"http:\/\/etcgalerie.cz\/wp-content\/themes\/FoundationPress\/\/assets\/pdfs\/etc-gallery-schema.pdf\" target=\"_blank\" rel=\"noopener noreferrer\">Download gallery plan [PDF]<\/a><\/p>\n<p style=\"text-align: center;\"><a href=\"https:\/\/etcgalerie.cz\/wp-content\/uploads\/2024\/02\/ETC_LOGO.pdf\" target=\"_blank\" rel=\"noopener\">Download logo etc. gallery [PDF]<\/a><\/p>\n<p style=\"text-align: center;\"><a href=\"https:\/\/etcgalerie.cz\/wp-content\/uploads\/2024\/02\/ETC_LOGO.png\" target=\"_blank\" rel=\"noopener\">Download logo etc. gallery [png]<\/a><\/p>\n<\/div>\n<p data-start=\"76\" data-end=\"132\">etc. gallery follows the Code of a <a href=\"http:\/\/etc. gallery follows the Code of a Feminist Institution. The etc. gallery project is realized with the financial support of the Ministry of Culture of the Czech Republic, the Prague 2 Municipal District, the Czech State Culture Fund, and in 2025 it is supported by a grant from the Capital City of Prague in the amount of CZK 150,000. Annual Report of etc. gallery 2021 Annual Report of etc. gallery 2022 Annual Report of etc. gallery 2023 Annual Report of etc. gallery 2024 Annual Report of etc. gallery 2025\">Feminist Institution.<\/a><\/p>\n<p data-start=\"134\" data-end=\"411\">The etc. gallery project is realized with the financial support of the Ministry of Culture of the Czech Republic, the Prague 2 Municipal District, the Czech State Culture Fund, and in 2025 it is supported by a grant from the Capital City of Prague in the amount of CZK 150,000.<\/p>\n<p style=\"text-align: center;\" data-start=\"413\" data-end=\"449\"><a href=\"https:\/\/etcgalerie.cz\/wp-content\/uploads\/2022\/06\/Vyrocni_zprava_2021_etcgalerie.pdf\">Annual Report of etc. gallery 2021<\/a><\/p>\n<p style=\"text-align: center;\" data-start=\"451\" data-end=\"487\"><a href=\"https:\/\/etcgalerie.cz\/wp-content\/uploads\/2023\/11\/Zaverecna-zprava-2022.pdf\">Annual Report of etc. gallery 2022<\/a><\/p>\n<p style=\"text-align: center;\" data-start=\"489\" data-end=\"525\"><a href=\"https:\/\/etcgalerie.cz\/wp-content\/uploads\/2024\/08\/etc_vyrocni_zprava_2023.docx.pdf\">Annual Report of etc. gallery 2023<\/a><\/p>\n<p style=\"text-align: center;\" data-start=\"527\" data-end=\"563\"><a href=\"https:\/\/etcgalerie.cz\/wp-content\/uploads\/2025\/03\/Vy\u0301roc\u030cni\u0301-zpra\u0301va-2024.pdf\">Annual Report of etc. gallery 2024<\/a><\/p>\n<p style=\"text-align: center;\" data-start=\"565\" data-end=\"599\" data-is-last-node=\"\" data-is-only-node=\"\"><a href=\"https:\/\/etcgalerie.cz\/wp-content\/uploads\/2026\/02\/etc_vyrocni_zprava_2025.pdf\">Annual Report of etc. gallery 2025<\/a><\/p>\n<\/div>\n<p><!-- End of Collaborating institutions section --><\/p>\n<div class=\"row\">\n<div class=\"large-6 medium-8 small-8 large-offset-1 columns\">\n<hr \/>\n<p>Design: <a href=\"http:\/\/www.jannovak.net\">Jan Nov\u00e1k<\/a><br \/>\nDevelopment: <a href=\"https:\/\/www.facebook.com\/josef.kortan\">Josef Kortan<\/a><\/p>\n<\/div>\n<\/div>\n<div class=\"row\">\n<div class=\"large-4 small-8 large-offset-2 columns \"><\/div>\n<\/div>\n<div class=\"row\">\n<div class=\"large-6 medium-8 small-8 large-offset-1 columns\">\n<p>&nbsp;<\/p>\n<\/div>\n<\/div>\n<p><\/p>","protected":false},"excerpt":{"rendered":"<p>etc. galerie z.s. Sarajevsk\u00e1 68\/16 Praha 2 120 00 Czech Republic I\u010c: 22738924 kontakt: mail.etcgalerie@gmail.com Open hours: Thursdays and Saturdays 2 &#8211; 7 PM The gallery is open only during exhibitions or as part of other scheduled events. Please check the program before visiting. Visits to the media library, library, or exhibitions outside opening hours [&hellip;]<\/p>\n","protected":false},"author":2,"featured_media":0,"parent":0,"menu_order":0,"comment_status":"open","ping_status":"closed","template":"","meta":{"footnotes":""},"class_list":["post-1091","page","type-page","status-publish","hentry"],"_links":{"self":[{"href":"https:\/\/etcgalerie.cz\/en\/wp-json\/wp\/v2\/pages\/1091","targetHints":{"allow":["GET"]}}],"collection":[{"href":"https:\/\/etcgalerie.cz\/en\/wp-json\/wp\/v2\/pages"}],"about":[{"href":"https:\/\/etcgalerie.cz\/en\/wp-json\/wp\/v2\/types\/page"}],"author":[{"embeddable":true,"href":"https:\/\/etcgalerie.cz\/en\/wp-json\/wp\/v2\/users\/2"}],"replies":[{"embeddable":true,"href":"https:\/\/etcgalerie.cz\/en\/wp-json\/wp\/v2\/comments?post=1091"}],"version-history":[{"count":277,"href":"https:\/\/etcgalerie.cz\/en\/wp-json\/wp\/v2\/pages\/1091\/revisions"}],"predecessor-version":[{"id":6640,"href":"https:\/\/etcgalerie.cz\/en\/wp-json\/wp\/v2\/pages\/1091\/revisions\/6640"}],"wp:attachment":[{"href":"https:\/\/etcgalerie.cz\/en\/wp-json\/wp\/v2\/media?parent=1091"}],"curies":[{"name":"wp","href":"https:\/\/api.w.org\/{rel}","templated":true}]}}