{"id":6562,"date":"2025-10-24T17:04:12","date_gmt":"2025-10-24T15:04:12","guid":{"rendered":"https:\/\/etcgalerie.cz\/?page_id=6562"},"modified":"2025-10-31T12:13:36","modified_gmt":"2025-10-31T11:13:36","slug":"newsletter","status":"publish","type":"page","link":"https:\/\/etcgalerie.cz\/cs\/newsletter\/","title":{"rendered":"Newsletter"},"content":{"rendered":"<p><\/p>\n<div class=\"row\">\n<div class=\"large-4 medium-8 small-8 large-offset-2 columns\">\n<div id=\"mc_embed_shell\">\n<div id=\"mc_embed_signup\">\n<form\n          action=\"https:\/\/etcgalerie.us12.list-manage.com\/subscribe\/post?u=77a6642938a237983d845337f&amp;id=01194ce1f2&amp;v_id=6979&amp;f_id=00920ee9f0\"\n          method=\"post\" id=\"mc-embedded-subscribe-form\" name=\"mc-embedded-subscribe-form\" class=\"validate\"\n          target=\"_blank\"><\/p>\n<div id=\"mc_embed_signup_scroll\">\n<div class=\"mc-field-group\"><label for=\"mce-EMAIL\">E-mailov\u00e1 adresa <span class=\"required-label\">(povinn\u00e9)<\/span> <\/label><input type=\"email\" name=\"EMAIL\"\n                class=\"required email mc-input\" id=\"mce-EMAIL\" required=\"\" value=\"\"><\/div>\n<div class=\"mc-field-group\"><label for=\"mce-FNAME\">Jm\u00e9no <\/label><input type=\"text\" name=\"FNAME\"\n                class=\"text mc-input\" id=\"mce-FNAME\" value=\"\"><\/div>\n<div class=\"mc-field-group\"><label for=\"mce-LNAME\">P\u0159\u00edjmen\u00ed <\/label><input type=\"text\" name=\"LNAME\"\n                class=\"text mc-input\" id=\"mce-LNAME\" value=\"\"><\/div>\n<div>\n<p>etc. galerie pou\u017eije informace, kter\u00e9 poskytnete prost\u0159ednictv\u00edm tohoto formul\u00e1\u0159e, v\u00fdhradn\u011b za \u00fa\u010delem zas\u00edl\u00e1n\u00ed newsletteru.<\/p>\n<p>Pro distribuci newsletteru pou\u017e\u00edv\u00e1me slu\u017ebu Mailchimp. Kliknut\u00edm n\u00ed\u017ee pro odb\u011br potvrzujete, \u017ee va\u0161e informace budou zasl\u00e1ny do Mailchimp ke zpracov\u00e1n\u00ed. O z\u00e1sad\u00e1ch ochrany osobn\u00edch \u00fadaj\u016f Mailchimp se m\u016f\u017eete do\u010d\u00edst <a href=\"https:\/\/mailchimp.com\/legal\/terms\">zde<\/a>.<\/p>\n<p>Sv\u016fj souhlas m\u016f\u017eete kdykoli odvolat a p\u0159estat dost\u00e1vat newsletter kliknut\u00edm na odkaz pro odhl\u00e1\u0161en\u00ed v z\u00e1pat\u00ed e-mailu nebo kontaktov\u00e1n\u00edm na adrese etc.galerie@gmail.com.\n              <\/p>\n<\/p><\/div>\n<div id=\"mce-responses\" class=\"clear foot\">\n<div class=\"response\" id=\"mce-error-response\" style=\"display: none;\"><\/div>\n<div class=\"response\" id=\"mce-success-response\" style=\"display: none;\"><\/div>\n<\/p><\/div>\n<div style=\"position: absolute; left: -5000px;\" aria-hidden=\"true\">\n              \/* real people should not fill this in and expect good things &#8211; do not remove this or risk form bot<br \/>\n              signups *\/<br \/>\n              <input type=\"text\" name=\"b_b41ceef421ad17dd24c21ff83_cd6be98ed3\" tabindex=\"-1\" value=\"\">\n            <\/div>\n<div id=\"mc-embedded-subscribe-wrapper\">\n              <input type=\"submit\" name=\"subscribe\" id=\"mc-embedded-subscribe\" class=\"button\" value=\"Odeb\u00edrat\">\n            <\/div>\n<\/p><\/div>\n<\/p><\/form>\n<\/p><\/div>\n<p>      <script type=\"text\/javascript\" src=\"\/\/s3.amazonaws.com\/downloads.mailchimp.com\/js\/mc-validate.js\"><\/script>\n    <\/div>\n<\/p><\/div>\n<\/div>\n<p><\/p>","protected":false},"excerpt":{"rendered":"<p>E-mailov\u00e1 adresa (povinn\u00e9) Jm\u00e9no P\u0159\u00edjmen\u00ed etc. galerie pou\u017eije informace, kter\u00e9 poskytnete prost\u0159ednictv\u00edm tohoto formul\u00e1\u0159e, v\u00fdhradn\u011b za \u00fa\u010delem zas\u00edl\u00e1n\u00ed newsletteru. Pro distribuci newsletteru pou\u017e\u00edv\u00e1me slu\u017ebu Mailchimp. Kliknut\u00edm n\u00ed\u017ee pro odb\u011br potvrzujete, \u017ee va\u0161e informace budou zasl\u00e1ny do Mailchimp ke zpracov\u00e1n\u00ed. O z\u00e1sad\u00e1ch ochrany osobn\u00edch \u00fadaj\u016f Mailchimp se m\u016f\u017eete do\u010d\u00edst zde. Sv\u016fj souhlas m\u016f\u017eete kdykoli odvolat a [&hellip;]<\/p>\n","protected":false},"author":2,"featured_media":0,"parent":0,"menu_order":0,"comment_status":"closed","ping_status":"closed","template":"","meta":{"footnotes":""},"class_list":["post-6562","page","type-page","status-publish","hentry"],"_links":{"self":[{"href":"https:\/\/etcgalerie.cz\/cs\/wp-json\/wp\/v2\/pages\/6562","targetHints":{"allow":["GET"]}}],"collection":[{"href":"https:\/\/etcgalerie.cz\/cs\/wp-json\/wp\/v2\/pages"}],"about":[{"href":"https:\/\/etcgalerie.cz\/cs\/wp-json\/wp\/v2\/types\/page"}],"author":[{"embeddable":true,"href":"https:\/\/etcgalerie.cz\/cs\/wp-json\/wp\/v2\/users\/2"}],"replies":[{"embeddable":true,"href":"https:\/\/etcgalerie.cz\/cs\/wp-json\/wp\/v2\/comments?post=6562"}],"version-history":[{"count":18,"href":"https:\/\/etcgalerie.cz\/cs\/wp-json\/wp\/v2\/pages\/6562\/revisions"}],"predecessor-version":[{"id":6580,"href":"https:\/\/etcgalerie.cz\/cs\/wp-json\/wp\/v2\/pages\/6562\/revisions\/6580"}],"wp:attachment":[{"href":"https:\/\/etcgalerie.cz\/cs\/wp-json\/wp\/v2\/media?parent=6562"}],"curies":[{"name":"wp","href":"https:\/\/api.w.org\/{rel}","templated":true}]}}