{"id":3204,"date":"2019-10-21T17:22:11","date_gmt":"2019-10-21T17:22:11","guid":{"rendered":"https:\/\/etcgalerie.cz\/?page_id=3204"},"modified":"2019-12-20T19:06:00","modified_gmt":"2019-12-20T19:06:00","slug":"manual","status":"publish","type":"page","link":"https:\/\/etcgalerie.cz\/cs\/manual\/","title":{"rendered":"Manu\u00e1l"},"content":{"rendered":"<p><\/p>\n<div class=\"row\">\n<div class=\"large-4 small-8 large-offset-2 columns \">\n<div class=\"row\"><\/div>\n<\/div>\n<\/div>\n<p><!-- Gallery Schema --><\/p>\n<div class=\"row\">\n<div class=\"large-4 medium-8 small-8 large-offset-2 columns\">\n<p style=\"padding-left: 40px;\"><strong><i>Manu\u00e1l pro zach\u00e1zen\u00ed s pohybliv\u00fdm obrazem<\/i><\/strong><span style=\"font-weight: 400;\">\u00a0formuluje soubor z\u00e1sad, kter\u00e9 bude galerie n\u00e1sledovat p\u0159i spolupr\u00e1ci s um\u011blci a um\u011blkyn\u011bmi a p\u0159i nakl\u00e1d\u00e1n\u00ed s audiovizu\u00e1ln\u00edmi d\u00edly. Archivaci, produkci a distribuci audiovizu\u00e1ln\u00edch d\u011bl v galerijn\u00edm prost\u0159ed\u00ed mnohdy prov\u00e1z\u00ed \u0159ada nejistot a nejasnost\u00ed. Ke vzniku tohoto manu\u00e1lu vedla pot\u0159eba vyjasnit si podm\u00ednky spolupr\u00e1ce mezi etc. galeri\u00ed a um\u011blci a um\u011blkyn\u011bmi, kte\u0159\u00ed pracuj\u00ed s pohybliv\u00fdm obrazem.<\/span><\/p>\n<p style=\"padding-left: 40px;\"><span style=\"font-weight: 400;\">Manu\u00e1l vznikl s ohledem na praxi zach\u00e1zen\u00ed s um\u011bleck\u00fdmi d\u00edly, kterou lze charakterizovat pod pojmem commons. V moment\u011b zve\u0159ejn\u011bn\u00ed um\u011bleck\u00e9ho d\u00edla, jeho\u017e vznik \u010di prezentace jsou finan\u010dn\u011b podpo\u0159eny z ve\u0159ejn\u00fdch zdroj\u016f, se v\u00fdsledky um\u011bleck\u00e9 \u010dinnosti st\u00e1vaj\u00ed obecn\u011b sd\u00edlen\u00fdmi statky, kter\u00e9 mohou b\u00fdt d\u00e1le sd\u00edleny a spravov\u00e1ny, v r\u00e1mci komunity a ve ve\u0159ejn\u00e9m z\u00e1jmu. <\/span><span style=\"font-weight: 400;\">I p\u0159i takov\u00e9m postupu lze f\u00e9rov\u011b ohodnocovat autory a autorky za jejich pr\u00e1ci.<\/span><\/p>\n<p style=\"padding-left: 40px;\"><span style=\"font-weight: 400;\">Manu\u00e1l je formulov\u00e1n s v\u011bdom\u00edm souvisej\u00edc\u00edch dokument\u016f a soubor\u016f pravidel, k nim\u017e se etc. galerie zav\u00e1zala, jmenovit\u011b s v\u011bdom\u00edm <\/span><a href=\"http:\/\/feministinstitution.cz\/kodex\/\"><span style=\"font-weight: 400;\">Kodexu feministick\u00e9 um\u011bleck\u00e9 instituce<\/span><\/a><span style=\"font-weight: 400;\"> a <\/span><a href=\"http:\/\/umeniproklima.cz\/manual-pro-kulturni-instituce-v-dobe-klimaticke-zmeny\/\"><span style=\"font-weight: 400;\">Manu\u00e1lu pro kulturn\u00ed instituce v dob\u011b klimatick\u00e9 zm\u011bny<\/span><\/a><span style=\"font-weight: 400;\">.\u00a0<\/span><\/p>\n<p style=\"padding-left: 40px;\"><span style=\"font-weight: 400;\">Vznik manu\u00e1lu je spojen s programov\u00fdm blokem <\/span><i><span style=\"font-weight: 400;\">Neklid obrazu II: Meze pohybu<\/span><\/i><span style=\"font-weight: 400;\">, kter\u00fd pro etc. galerii p\u0159ipravili Mat\u011bj Strnad, Anna Reme\u0161ov\u00e1 a Kry\u0161tof Pe\u0161ek. V r\u00e1mci tohoto programu byla v galerii z\u0159\u00edzena mediat\u00e9ka a do\u0161lo k uspo\u0159\u00e1d\u00e1n\u00ed dvou ve\u0159ejn\u00fdch diskuz\u00ed, kter\u00e9 byly vybran\u00fdm t\u00e9mat\u016fm manu\u00e1lu v\u011bnov\u00e1ny. Diskuz\u00ed se z\u00fa\u010dastnili: Tom\u00e1\u0161 Hlav\u00e1\u010dek, Al\u017eb\u011bta Ba\u010d\u00edkov\u00e1, Lucie Rosenfeldov\u00e1, Ji\u0159\u00ed \u017d\u00e1k, Vjera Borozan, Franti\u0161ek Zachoval, Sylva Pol\u00e1kov\u00e1, Ond\u0159ej Chrob\u00e1k, Michal Novotn\u00fd a Jitka Hlav\u00e1\u010dkov\u00e1. Na vzniku manu\u00e1lu se d\u00e1le pod\u00edleli: Kry\u0161tof Pe\u0161ek, Mark\u00e9ta Jon\u00e1\u0161ov\u00e1, Hana Jane\u010dkov\u00e1, Lenka St\u0159el\u00e1kov\u00e1, Mat\u011bj Strnad a Anna Reme\u0161ov\u00e1. Sou\u010d\u00e1st\u00ed programov\u00e9ho bloku <\/span><i><span style=\"font-weight: 400;\">Neklid obrazu II<\/span><\/i><span style=\"font-weight: 400;\">: <\/span><i><span style=\"font-weight: 400;\">Meze pohybu<\/span><\/i><span style=\"font-weight: 400;\"> bylo i z\u0159\u00edzen\u00ed mediat\u00e9ky, jej\u00ed\u017e zdrojov\u00fd k\u00f3d je pod licenc\u00ed svobodn\u00e9ho softwaru GPL 3.0 k dispozici v repozit\u00e1\u0159i: <\/span><a href=\"https:\/\/github.com\/K0F\/etcetera\"><span style=\"font-weight: 400;\">https:\/\/github.com\/K0F\/etcetera<\/span><\/a><span style=\"font-weight: 400;\">.\u00a0<\/span><\/p>\n<h2 style=\"padding-left: 40px;\"><span style=\"font-weight: 400;\">1<\/span><\/h2>\n<p>&nbsp;<\/p>\n<p style=\"padding-left: 40px;\"><span style=\"font-weight: 400;\">Galerie podporuje vznik nov\u00fdch d\u011bl formou v\u00fdstav, projekc\u00ed \u010di rezidenc\u00ed. Nezauj\u00edm\u00e1 roli producentskou, respektive investi\u010dn\u00ed, pota\u017emo obchodn\u00ed. P\u0159ed po\u010d\u00e1tkem spolupr\u00e1ce galerie s autory a autorkami dojedn\u00e1 podm\u00ednky v oblastech uveden\u00fdch n\u00ed\u017ee. Preferovan\u00fd a standardn\u011b navrhovan\u00fd zp\u016fsob \u0159e\u0161en\u00ed ze strany galerie je uveden ve druh\u00e9 \u010d\u00e1sti manu\u00e1lu. T\u00edm, \u017ee p\u00edsemn\u011b sjedn\u00e1 podm\u00ednky spolupr\u00e1ce, sleduje galerie zaru\u010den\u00ed f\u00e9rovosti vz\u00e1jemn\u00e9ho jedn\u00e1n\u00ed.<\/span><\/p>\n<p style=\"padding-left: 40px;\"><span style=\"font-weight: 400;\">Oblasti, kter\u00e9 maj\u00ed b\u00fdt p\u0159edm\u011btem dohody mezi instituc\u00ed a autory a autorkami:<\/span><\/p>\n<ul>\n<li style=\"list-style-type: none;\">\n<ul>\n<li style=\"list-style-type: none;\">\n<ul>\n<li><span style=\"font-weight: 400;\">autorstv\u00ed d\u00edla, p\u0159\u00edpadn\u011b kolektivn\u00ed autorstv\u00ed a spoluautorstv\u00ed (srov. autorsk\u00fd z\u00e1kon a v n\u011bm definovan\u00e1 audiovizu\u00e1ln\u00ed d\u00edla, respektive audiovizu\u00e1ln\u00ed d\u00edla u\u017eit\u00e1), stav p\u0159\u00edpadn\u00fdch pr\u00e1v t\u0159et\u00edch stran<\/span><\/li>\n<li><span style=\"font-weight: 400;\">adekv\u00e1tn\u00ed finan\u010dn\u00ed ohodnocen\u00ed (um\u011blec\/kyn\u011b dostane za svou pr\u00e1ci honor\u00e1\u0159)<\/span><\/li>\n<li><span style=\"font-weight: 400;\">za\u0159azen\u00ed d\u00edla do mediat\u00e9ky offline\/online<\/span><\/li>\n<li><span style=\"font-weight: 400;\">mo\u017enost budouc\u00edch prezentac\u00ed d\u00edla v galerii <\/span><span style=\"font-weight: 400;\">nebo v r\u00e1mci akc\u00ed organizovan\u00fdch galeri\u00ed (nap\u0159. putovn\u00ed projekce)<\/span><\/li>\n<li><span style=\"font-weight: 400;\">mo\u017enost zve\u0159ej\u0148ovat dokumentaci z produkce a vystaven\u00ed d\u00edla, resp. dokumentaci d\u00edla sam\u00e9ho<\/span><\/li>\n<li><span style=\"font-weight: 400;\">po\u017eadovan\u00e9 a preferovan\u00e9 zp\u016fsoby prezentace d\u00edla\u00a0<\/span><\/li>\n<li><span style=\"font-weight: 400;\">postup v p\u0159\u00edpad\u011b z\u00e1jmu t\u0159et\u00edch stran (z\u00e1p\u016fj\u010dky, zprost\u0159edkov\u00e1n\u00ed kontaktu apod.)<\/span><\/li>\n<li><span style=\"font-weight: 400;\">dlouhodob\u00e9 ulo\u017een\u00ed d\u00edla<\/span><\/li>\n<\/ul>\n<\/li>\n<\/ul>\n<\/li>\n<\/ul>\n<h2 style=\"padding-left: 40px;\"><span style=\"font-weight: 400;\">2<\/span><\/h2>\n<p>&nbsp;<\/p>\n<p style=\"padding-left: 40px;\"><span style=\"font-weight: 400;\">Galerie usiluje o co nej\u0161ir\u0161\u00ed dostupnost um\u011bn\u00ed pohybliv\u00e9ho obrazu a z\u00e1rove\u0148 f\u00e9rovost a udr\u017eitelnost souvisej\u00edc\u00edch postup\u016f a praktik.\u00a0<\/span><\/p>\n<p style=\"padding-left: 40px;\"><span style=\"font-weight: 400;\">Aktivity v oblasti pohybliv\u00e9ho obrazu vych\u00e1zej\u00ed z programu a aktu\u00e1ln\u00ed v\u00fdstavn\u00ed koncepce galerie, nejsou br\u00e1ny jako samo\u00fa\u010deln\u00e9 ani medi\u00e1ln\u011b-specifick\u00e9. Galerie vedle samotn\u00fdch prac\u00ed pe\u010duje tak\u00e9 o kontext jejich vzniku a prezentace.<\/span><\/p>\n<p style=\"padding-left: 40px;\"><span style=\"font-weight: 400;\">Autorstv\u00ed d\u00edla: galerie spole\u010dn\u011b s autory a autorkami adekv\u00e1tn\u011b zohled\u0148uje p\u0159\u00edpadn\u00e9 spoluautory a spoluautorky d\u00edla, v\u010detn\u011b pr\u00e1v t\u0159et\u00edch stran a d\u011bl audiovizu\u00e1ln\u011b u\u017eit\u00fdch.<\/span><\/p>\n<p style=\"padding-left: 40px;\"><span style=\"font-weight: 400;\">Adekv\u00e1tn\u00ed finan\u010dn\u00ed ohodnocen\u00ed: autor\u016fm a autork\u00e1m n\u00e1le\u017e\u00ed za ka\u017ed\u00e9 vystaven\u00ed\/prezentov\u00e1n\u00ed d\u00edla honor\u00e1\u0159. Galerie up\u0159ednost\u0148uje ekonomick\u00fd model postaven\u00fd na distribuci a prezentaci oproti modelu omezen\u00fdch edic, kter\u00fd je postaven na komodifikaci um\u011bleck\u00fdch d\u011bl. P\u0159i jedn\u00e1n\u00ed o honor\u00e1\u0159\u00edch galerie usiluje o finan\u010dn\u00ed ohodnocov\u00e1n\u00ed autor\u016f a autorek rovn\u00fdm zp\u016fsobem, nehled\u011b na jejich p\u016fvod \u010di status.<\/span><\/p>\n<p style=\"padding-left: 40px;\"><span style=\"font-weight: 400;\">P\u0159\u00edtomnost d\u00edla v mediat\u00e9ce: galerie prezentuje d\u00edla ve sv\u00e9 mediat\u00e9ce z\u0159\u00edzen\u00e9 pro referen\u010dn\u00ed \u00fa\u010dely. Galerie tak \u010din\u00ed v z\u00e1jmu co nej\u0161ir\u0161\u00ed dostupnosti um\u011bn\u00ed pohybliv\u00e9ho obrazu a s p\u0159esv\u011bd\u010den\u00edm, \u017ee p\u0159i zvolen\u00e9m modelu \u0161\u00ed\u0159en\u00ed a distribuce nedoch\u00e1z\u00ed k devalvaci hodnoty zve\u0159ejn\u011bn\u00fdch d\u011bl. P\u0159\u00edstup k mediat\u00e9ce je zdarma a po p\u0159edchoz\u00ed domluv\u011b. Galerie usiluje o online zp\u0159\u00edstupn\u011bn\u00ed t\u011bch d\u011bl, na jejich\u017e vzniku se pod\u00edlela.<\/span><\/p>\n<p style=\"padding-left: 40px;\"><span style=\"font-weight: 400;\">Sou\u010dasn\u00e1 verze offline mediat\u00e9ky (tzn. verze u\u017e\u00edvan\u00e1 v etc. galerii od kv\u011btna 2019) je vyd\u00e1na pod licenc\u00ed svobodn\u00e9ho softwaru GPL 3.0. Software je nez\u00e1visl\u00fd na prezentovan\u00fdch d\u00edlech a jako takov\u00fd je tedy voln\u011b \u0161i\u0159iteln\u00fd i pota\u017emo recyklovateln\u00fd pro dal\u0161\u00ed pou\u017eit\u00ed v repozit\u00e1\u0159i: <a href=\"https:\/\/github.com\/K0F\/etcetera\">https:\/\/github.com\/K0F\/etcetera<\/a><\/span><\/p>\n<p style=\"padding-left: 40px;\"><span style=\"font-weight: 400;\">Mo\u017enost dal\u0161\u00ed prezentace d\u00edla galeri\u00ed: galerie se sna\u017e\u00ed zajistit mo\u017enost op\u011btovn\u00e9ho vystaven\u00ed, respektive projekce d\u00edla, s ohledem na po\u017eadovan\u00e9 a preferovan\u00e9 zp\u016fsoby jeho prezentace. P\u0159ed op\u011btovn\u00fdm vystaven\u00edm, respektive op\u011btovnou projekc\u00ed, kontaktuje galerie autora.<\/span><\/p>\n<p style=\"padding-left: 40px;\"><span style=\"font-weight: 400;\">Mo\u017enost zve\u0159ej\u0148ovat dokumentaci: galerie si vyhrazuje pr\u00e1vo po\u0159izovat a \u0161\u00ed\u0159it audiovizu\u00e1ln\u00ed dokumentaci instalace a prezentace vystaven\u00fdch, respektive prom\u00edtan\u00fdch d\u011bl.<\/span><\/p>\n<p style=\"padding-left: 40px;\"><span style=\"font-weight: 400;\">Po\u017eadovan\u00e9 a preferovan\u00e9 zp\u016fsoby prezentace d\u00edla: galerie zohled\u0148uje koncep\u010dn\u00ed a technick\u00e9 parametry prezentace audiovizu\u00e1ln\u00edch d\u011bl, nap\u0159. projek\u010dn\u00ed form\u00e1ty, zp\u016fsob prezentace (projekce \/ obrazovka), mo\u017enost za\u0159azen\u00ed do projek\u010dn\u00edho p\u00e1sma, reprodukci zvukov\u00e9 slo\u017eky a podobn\u011b.<\/span><\/p>\n<p style=\"padding-left: 40px;\"><span style=\"font-weight: 400;\">Postup v p\u0159\u00edpad\u011b z\u00e1jmu t\u0159et\u00edch stran: galerie zprost\u0159edkov\u00e1v\u00e1 v p\u0159\u00edpad\u011b z\u00e1jmu t\u0159et\u00ed strany kontakt s autorem \u010di autorkou, jejich\u017e souhlas a vypo\u0159\u00e1d\u00e1n\u00ed jsou nezbytn\u00e9 pro z\u00e1p\u016fj\u010dku d\u00edla. Galerie takto postupuje i v p\u0159\u00edpad\u011b d\u011bl, na jejich\u017e vzniku se finan\u010dn\u011b \u010di produk\u010dn\u011b nepod\u00edlela.<\/span><\/p>\n<p style=\"padding-left: 40px;\"><span style=\"font-weight: 400;\">Dlouhodob\u00e9 ulo\u017een\u00ed d\u00edla: galerie se nec\u00edt\u00ed schopna sama zaru\u010dit dlouhodob\u00e9 uchov\u00e1n\u00ed d\u011bl, kter\u00e1 m\u00e1 ve spr\u00e1v\u011b. Vlastn\u00edmi silami v\u0161ak usiluje o zaji\u0161t\u011bn\u00ed dostupnosti zejm\u00e9na t\u011bch d\u011bl, na jejich\u017e vzniku se pod\u00edlela a za n\u011b\u017e tak nese zvl\u00e1\u0161tn\u00ed zodpov\u011bdnost. Stejn\u011b tak se dlouhodob\u011b zasazuje o systematick\u00e9 \u0159e\u0161en\u00ed souvisej\u00edc\u00ed problematiky, kterou vn\u00edm\u00e1 jako prim\u00e1rn\u011b p\u0159\u00edslu\u0161ej\u00edc\u00ed st\u00e1tn\u00edm a ve\u0159ejn\u00fdm instituc\u00edm muzejn\u00edho typu.\u00a0<\/span><\/p>\n<p style=\"padding-left: 40px;\">\n<\/div>\n<\/div>\n<p><\/p>","protected":false},"excerpt":{"rendered":"<p>Manu\u00e1l pro zach\u00e1zen\u00ed s pohybliv\u00fdm obrazem\u00a0formuluje soubor z\u00e1sad, kter\u00e9 bude galerie n\u00e1sledovat p\u0159i spolupr\u00e1ci s um\u011blci a um\u011blkyn\u011bmi a p\u0159i nakl\u00e1d\u00e1n\u00ed s audiovizu\u00e1ln\u00edmi d\u00edly. Archivaci, produkci a distribuci audiovizu\u00e1ln\u00edch d\u011bl v galerijn\u00edm prost\u0159ed\u00ed mnohdy prov\u00e1z\u00ed \u0159ada nejistot a nejasnost\u00ed. Ke vzniku tohoto manu\u00e1lu vedla pot\u0159eba vyjasnit si podm\u00ednky spolupr\u00e1ce mezi etc. galeri\u00ed a um\u011blci a [&hellip;]<\/p>\n","protected":false},"author":2,"featured_media":0,"parent":0,"menu_order":0,"comment_status":"closed","ping_status":"closed","template":"","meta":{"footnotes":""},"class_list":["post-3204","page","type-page","status-publish","hentry"],"_links":{"self":[{"href":"https:\/\/etcgalerie.cz\/cs\/wp-json\/wp\/v2\/pages\/3204","targetHints":{"allow":["GET"]}}],"collection":[{"href":"https:\/\/etcgalerie.cz\/cs\/wp-json\/wp\/v2\/pages"}],"about":[{"href":"https:\/\/etcgalerie.cz\/cs\/wp-json\/wp\/v2\/types\/page"}],"author":[{"embeddable":true,"href":"https:\/\/etcgalerie.cz\/cs\/wp-json\/wp\/v2\/users\/2"}],"replies":[{"embeddable":true,"href":"https:\/\/etcgalerie.cz\/cs\/wp-json\/wp\/v2\/comments?post=3204"}],"version-history":[{"count":23,"href":"https:\/\/etcgalerie.cz\/cs\/wp-json\/wp\/v2\/pages\/3204\/revisions"}],"predecessor-version":[{"id":3410,"href":"https:\/\/etcgalerie.cz\/cs\/wp-json\/wp\/v2\/pages\/3204\/revisions\/3410"}],"wp:attachment":[{"href":"https:\/\/etcgalerie.cz\/cs\/wp-json\/wp\/v2\/media?parent=3204"}],"curies":[{"name":"wp","href":"https:\/\/api.w.org\/{rel}","templated":true}]}}