{"id":1091,"date":"2011-06-21T19:13:22","date_gmt":"2011-06-21T19:13:22","guid":{"rendered":"http:\/\/etcgalerie.cz\/content\/?page_id=2"},"modified":"2026-02-18T14:40:56","modified_gmt":"2026-02-18T13:40:56","slug":"gallery-info","status":"publish","type":"page","link":"https:\/\/etcgalerie.cz\/cs\/gallery-info\/","title":{"rendered":"Kontakt"},"content":{"rendered":"<p><\/p>\n<div class=\"row\">\n<div class=\"large-4 small-8 large-offset-2 columns \">\n<p><span style=\"font-weight: 400;\">etc. galerie z.s.<\/span><span style=\"font-weight: 400;\"><br \/>\n<\/span><span style=\"font-weight: 400;\">Sarajevsk\u00e1 68\/16<\/span><span style=\"font-weight: 400;\"><br \/>\n<\/span><span style=\"font-weight: 400;\">Praha 2 120 00<\/span><span style=\"font-weight: 400;\"><br \/>\n<\/span><span style=\"font-weight: 400;\">Czech Republic<\/span><span style=\"font-weight: 400;\"><br \/>\n<\/span><span style=\"font-weight: 400;\">I\u010c: 22738924<\/span><\/p>\n<p><span style=\"font-weight: 400;\">kontakt: <a href=\"mailto:mail.etcgalerie@gmail.com\"><strong>mail.etcgalerie@gmail.com<\/strong><\/a><\/span><\/p>\n<p><span style=\"text-decoration: underline; color: #ff0000;\"><strong>Otev\u00edrac\u00ed doba:<\/strong><\/span><\/p>\n<p><strong>\u010ctvrtek a sobota 14:00 &#8211; 19:00<\/strong><\/p>\n<p><span style=\"color: #ff0000;\"><strong>Galerie je otev\u0159ena jen v dob\u011b kon\u00e1n\u00ed v\u00fdstavy nebo v r\u00e1mci dal\u0161\u00edch akc\u00ed. P\u0159ed n\u00e1v\u0161t\u011bvou galerie pros\u00edme zkontrolujte jej\u00ed program. N\u00e1v\u0161t\u011bva mediat\u00e9ky, knihovny \u010di v\u00fdstav mimo otev\u00edrac\u00ed dobu je mo\u017en\u00e1 po domluv\u011b p\u0159edem.<\/strong><\/span><\/p>\n<figure><a href=\"https:\/\/www.facebook.com\/etc-galerie-81790601675\/\" target=\"_blank\" rel=\"noopener noreferrer\">Facebook<\/a><strong><span style=\"color: #ff0000;\"><br \/>\n<\/span><\/strong><\/p>\n<p><a href=\"https:\/\/www.instagram.com\/etc.galerie\/\" target=\"_blank\" rel=\"noopener noreferrer\">Instagram<\/a><\/p>\n<p><a href=\"https:\/\/etcgalerie.cz\/cs\/newsletter\/\">Newsletter<\/a><\/p>\n<p><a href=\"https:\/\/etcgalerie.cz\/cs\/nela-klajbanova\/\">Nela Klajbanov\u00e1<\/a><br \/>\nkur\u00e1torka<br \/>\n<a href=\"mailto:nela.klajbanova@gmail.com\">nela.klajbanova@gmail.com<\/a><br \/>\n+420 724 349 167<\/p>\n<p><span style=\"font-weight: 400;\"><a href=\"https:\/\/etcgalerie.cz\/cs\/sara-marc\/\">S\u00e1ra M\u00e4rc<\/a><br \/>\n<\/span><span style=\"font-weight: 400;\">kur\u00e1tor*ka<br \/>\n<\/span><a href=\"mailto:sara.marc@yahoo.com\"><span style=\"font-weight: 400;\">sara.marc@yahoo.com<\/span><\/a><br \/>\n<span style=\"font-weight: 400;\">+420731778776<\/span><\/p>\n<p><a href=\"https:\/\/etcgalerie.cz\/tereza-vinklarkova\/\"><span style=\"font-weight: 400;\">Tereza Vinkl\u00e1rkov\u00e1<br \/>\n<\/span><\/a><span style=\"font-weight: 400;\">projektov\u00e1 mana\u017eerka<\/span><br \/>\n<span style=\"font-weight: 400;\">+420732361865<\/span><\/p>\n<\/div>\n<\/div>\n<p><!-- Gallery Schema --><\/p>\n<div class=\"row\">\n<div class=\"large-4 medium-8 small-8 large-offset-2 columns\">\n<h2>O galerii<\/h2>\n<p><span style=\"font-weight: 400;\">etc. galerie je nekomer\u010dn\u00ed galerie sou\u010dasn\u00e9ho um\u011bn\u00ed, kter\u00e1 formou v\u00fdstav, prom\u00edt\u00e1n\u00ed a diskuz\u00ed p\u0159edstavuje tvorbu \u010desk\u00fdch a zahrani\u010dn\u00edch v\u00fdtvarn\u00fdch um\u011blc\u016f a um\u011blky\u0148. V\u00fdstavn\u00ed program je zam\u011b\u0159en na prezentaci sou\u010dasn\u00e9ho um\u011bn\u00ed pohybliv\u00e9ho obrazu filmu a videa s aktu\u00e1ln\u00edmi spole\u010densko-politick\u00fdmi t\u00e9maty. V r\u00e1mci v\u00fdzkumn\u00fdch projekt\u016f galerie spolupracuje s \u0159adou kulturn\u00edch a vzd\u011bl\u00e1vac\u00edch instituc\u00ed, badatel\u016f a badatelek a dal\u0161\u00edch odborn\u00edk\u016f a odbornic.\u00a0<\/span><\/p>\n<p><span style=\"font-weight: 400;\">etc. galerie systematicky podporuje tvorbu sou\u010dasn\u00fdch um\u011blc\u016f a um\u011blky\u0148 pracuj\u00edc\u00edch s pohybliv\u00fdm obrazem, poskytuje odbornou reflexi tohoto m\u00e9dia a p\u0159isp\u00edv\u00e1 ke zlep\u0161en\u00ed jeho institucion\u00e1ln\u00edho z\u00e1zem\u00ed. <\/span><span style=\"font-weight: 400;\">Ka\u017edoro\u010dn\u011b galerie realizuje dv\u011b s\u00f3lov\u00e9 v\u00fdstavy, v r\u00e1mci kter\u00fdch produkuje nov\u00e1 audiovizu\u00e1ln\u00ed d\u00edla. D\u00e1le p\u0159ipravuje kur\u00e1torsk\u00e9 projek\u010dn\u00ed v\u00fdb\u011bry, kter\u00e9 jsou po projek\u010dn\u00edm uveden\u00ed prezentov\u00e1ny ve form\u011b online v\u00fdstav na webu galerie, kde tak\u00e9 publikuje p\u016fvodn\u00ed tematick\u00e9 eseje.\u00a0<\/span><\/p>\n<p><span style=\"font-weight: 400;\">Galerie vznikla v roce 2004 jako jeden z prvn\u00edch nez\u00e1visl\u00fdch v\u00fdstavn\u00edch prostor\u016f v Praze. Byla zalo\u017eena studiem DRAWetc. v \u010dele s Vladim\u00edrem Strej\u010dkem a um\u011blci Ji\u0159\u00edm Frantou a Ji\u0159\u00edm Sk\u00e1lou. O t\u0159i roky pozd\u011bji se ke kur\u00e1torsk\u00e9mu t\u00fdmu galerie p\u0159ipojila Mark\u00e9ta Vinglerov\u00e1. V roce 2011 galerii opustili zakl\u00e1daj\u00edc\u00ed \u010dlenov\u00e9 a kur\u00e1torsky zde za\u010dal p\u016fsobit um\u011blec Radim Langer a kur\u00e1torka Tereza Stejskalov\u00e1, kterou v roce 2013 nahradil um\u011blec Martin Prudil. V roce 2017 tento prostor p\u0159evzaly kur\u00e1torky Al\u017eb\u011bta Ba\u010d\u00edkov\u00e1 a Anna Reme\u0161ov\u00e1, se kter\u00fdmi nad\u00e1le spolupracovala i dal\u0161\u00ed kur\u00e1torsk\u00e1 dvojice Mark\u00e9ta Jon\u00e1\u0161ov\u00e1 a Tom\u00e1\u0161 Kaj\u00e1nek. V sou\u010dasnosti v etc. galerii kur\u00e1torsky p\u016fsob\u00ed Nela Klajbanov\u00e1 a S\u00e1ra M\u00e4rc.<\/span><\/p>\n<p><span style=\"font-weight: 400;\">V roce 2019 galerie z\u0159\u00eddila mediat\u00e9ku v n\u00e1vaznosti na v\u00fdzkumn\u00fd projekt <\/span><strong><i>Neklid obrazu II: Meze pohybu<\/i><\/strong><span style=\"font-weight: 400;\"><strong>,<\/strong> kter\u00fd pro etc. galerii p\u0159ipravili Mat\u011bj Strnad, Anna Reme\u0161ov\u00e1 a Kry\u0161tof Pe\u0161ek. <\/span><span style=\"font-weight: 400;\"><strong><a href=\"https:\/\/etcgalerie.cz\/cs\/mediateka\/?preview_id=3071&amp;preview_nonce=0b985e1414&amp;_thumbnail_id=-1&amp;preview=true\">Mediat\u00e9ka<\/a><\/strong> etc. galerie slou\u017e\u00ed k prezen\u010dn\u00edmu studiu audiovizu\u00e1ln\u00edch d\u011bl, je\u017e byla v minulosti sou\u010d\u00e1st\u00ed v\u00fdstavn\u00edho programu galerie. <\/span><span style=\"font-weight: 400;\">V r\u00e1mci v\u00fdzkumu tak\u00e9 vznikl <\/span><i><span style=\"font-weight: 400;\"><strong>Manu\u00e1l<\/strong> pro zach\u00e1zen\u00ed s pohybliv\u00fdm obrazem, <\/span><\/i><span style=\"font-weight: 400;\">kter\u00fd formuluje soubor z\u00e1sad, kter\u00e9 etc. galerie n\u00e1sleduje p\u0159i spolupr\u00e1ci s um\u011blci a um\u011blkyn\u011bmi a p\u0159i nakl\u00e1d\u00e1n\u00ed s audiovizu\u00e1ln\u00edmi d\u00edly.<\/span><\/p>\n<p style=\"text-align: center;\"><a href=\"http:\/\/etcgalerie.cz\/wp-content\/themes\/FoundationPress\/\/assets\/pdfs\/etc-gallery-schema.pdf\" target=\"_blank\" rel=\"noopener noreferrer\"> <img decoding=\"async\" src=\"http:\/\/etcgalerie.cz\/wp-content\/themes\/FoundationPress\/\/assets\/icons\/pudorys.svg\" alt=\"\" width=\"300px\" \/> <\/a><\/p>\n<p style=\"text-align: center;\"><a href=\"http:\/\/etcgalerie.cz\/wp-content\/themes\/FoundationPress\/\/assets\/pdfs\/etc-gallery-schema.pdf\" target=\"_blank\" rel=\"noopener noreferrer\">St\u00e1hnout pl\u00e1n galerie [PDF]<\/a><\/p>\n<p style=\"text-align: center;\"><a href=\"https:\/\/etcgalerie.cz\/wp-content\/uploads\/2024\/02\/ETC_LOGO.pdf\" target=\"_blank\" rel=\"noopener\">St\u00e1hnout logo etc. galerie [PDF]<\/a><\/p>\n<p style=\"text-align: center;\"><a href=\"https:\/\/etcgalerie.cz\/wp-content\/uploads\/2024\/02\/ETC_LOGO.png\" target=\"_blank\" rel=\"noopener\">St\u00e1hnout logo etc. galerie [png]<\/a><\/p>\n<\/div>\n<\/div>\n<div class=\"row collaborators\">\n<div class=\"large-6 small-8 large-offset-1 columns\">\n<p>etc. galerie se \u0159\u00edd\u00ed kodexem \u00a0<a href=\"http:\/\/feministinstitution.org\/kodex\">Feministick\u00e9 instituce.<\/a><\/p>\n<p>Projekt etc. galerie je realizov\u00e1n s\u202ffinan\u010dn\u00ed podporou \u202fMinisterstva kultury \u010cesk\u00e9 republiky, m\u011bstskou \u010d\u00e1st\u00ed Praha 2, St\u00e1tn\u00edm fondem kultury \u010cR a v roce 2025 je podporov\u00e1n grantem Hlavn\u00edho m\u011bsta Prahy ve v\u00fd\u0161i 150 000 K\u010d.<\/p>\n<div class=\"row\" style=\"text-align: center;\"><a href=\"https:\/\/etcgalerie.cz\/wp-content\/uploads\/2022\/06\/Vyrocni_zprava_2021_etcgalerie.pdf\" target=\"_blank\" rel=\"noopener\">V\u00fdro\u010dn\u00ed zpr\u00e1va etc. galerie 2021<\/a><\/div>\n<div style=\"text-align: center;\"><a href=\"https:\/\/etcgalerie.cz\/wp-content\/uploads\/2023\/11\/Zaverecna-zprava-2022.pdf\" target=\"_blank\" rel=\"noopener\">V\u00fdro\u010dn\u00ed zpr\u00e1va etc. galerie 2022<\/a><\/div>\n<div style=\"text-align: center;\"><a href=\"https:\/\/etcgalerie.cz\/wp-content\/uploads\/2024\/08\/etc_vyrocni_zprava_2023.docx.pdf\">V\u00fdro\u010dn\u00ed zpr\u00e1va etc. galerie 2023<\/a><\/div>\n<div style=\"text-align: center;\"><a href=\"https:\/\/etcgalerie.cz\/wp-content\/uploads\/2025\/03\/Vy\u0301roc\u030cni\u0301-zpra\u0301va-2024.pdf\">V\u00fdro\u010dn\u00ed zpr\u00e1va etc. galerie 2024<\/a><\/div>\n<div style=\"text-align: center;\"><a href=\"https:\/\/etcgalerie.cz\/wp-content\/uploads\/2026\/02\/etc_vyrocni_zprava_2025.pdf\">V\u00fdro\u010dn\u00ed zpr\u00e1va etc. galerie 2025<\/a><\/div>\n<div><\/div>\n<div><\/div>\n<div><\/div>\n<div><\/div>\n<p><!-- map --><\/p>\n<div class=\"row\"><\/div>\n<\/div>\n<\/div>\n<p><!-- End of Collaborating institutions section --><\/p>\n<div class=\"row\">\n<div class=\"large-6 medium-8 small-8 large-offset-1 columns\">\n<hr \/>\n<p>Design: <a href=\"http:\/\/www.jannovak.net\">Jan Nov\u00e1k<\/a><br \/>\nDevelopment: <a href=\"https:\/\/www.facebook.com\/josef.kortan\">Josef Kortan<\/a><\/p>\n<\/div>\n<\/div>\n<div class=\"row\">\n<div class=\"large-4 small-8 large-offset-2 columns \"><\/div>\n<\/div>\n<p>&nbsp;<\/p>\n<div class=\"row\">\n<div class=\"large-4 small-8 large-offset-2 columns \">\n<p><span style=\"font-weight: 400;\">etc. galerie z.s.<\/span><span style=\"font-weight: 400;\"><br \/>\n<\/span><span style=\"font-weight: 400;\">Sarajevsk\u00e1 68\/16<\/span><span style=\"font-weight: 400;\"><br \/>\n<\/span><span style=\"font-weight: 400;\">Praha 2 120 00<\/span><span style=\"font-weight: 400;\"><br \/>\n<\/span><span style=\"font-weight: 400;\">Czech Republic<\/span><span style=\"font-weight: 400;\"><br \/>\n<\/span><span style=\"font-weight: 400;\">I\u010c: 22738924<\/span><\/p>\n<p><span style=\"font-weight: 400;\">kontakt: <a href=\"mailto:mail.etcgalerie@gmail.com\"><strong>mail.etcgalerie@gmail.com<\/strong><\/a><\/span><\/p>\n<p><span style=\"text-decoration: underline; color: #ff0000;\"><strong>Otev\u00edrac\u00ed doba:<\/strong><\/span><\/p>\n<p><strong>\u010ctvrtek a sobota 14:00 &#8211; 19:00<\/strong><\/p>\n<p><span style=\"color: #ff0000;\"><strong>Galerie je otev\u0159ena jen v dob\u011b kon\u00e1n\u00ed v\u00fdstavy nebo v r\u00e1mci dal\u0161\u00edch akc\u00ed. P\u0159ed n\u00e1v\u0161t\u011bvou galerie pros\u00edme zkontrolujte jej\u00ed program. N\u00e1v\u0161t\u011bva mediat\u00e9ky, knihovny \u010di v\u00fdstav mimo otev\u00edrac\u00ed dobu je mo\u017en\u00e1 po domluv\u011b p\u0159edem.<\/strong><\/span><\/p>\n<p><a href=\"https:\/\/www.facebook.com\/etc-galerie-81790601675\/\" target=\"_blank\" rel=\"noopener noreferrer\">Facebook<\/a><strong><span style=\"color: #ff0000;\"><br \/>\n<\/span><\/strong><\/p>\n<p><a href=\"https:\/\/www.instagram.com\/etc.galerie\/\" target=\"_blank\" rel=\"noopener noreferrer\">Instagram<\/a><\/p>\n<p><a href=\"https:\/\/etcgalerie.cz\/cs\/newsletter\/\">Newsletter<\/a><\/p>\n<p><a href=\"https:\/\/etcgalerie.cz\/cs\/nela-klajbanova\/\">Nela Klajbanov\u00e1<\/a><br \/>\nkur\u00e1torka<br \/>\n<a href=\"mailto:nela.klajbanova@gmail.com\">nela.klajbanova@gmail.com<\/a><br \/>\n+420 724 349 167<\/p>\n<p><span style=\"font-weight: 400;\"><a href=\"https:\/\/etcgalerie.cz\/cs\/sara-marc\/\">S\u00e1ra M\u00e4rc<\/a><br \/>\n<\/span><span style=\"font-weight: 400;\">kur\u00e1tor*ka<br \/>\n<\/span><a href=\"mailto:sara.marc@yahoo.com\"><span style=\"font-weight: 400;\">sara.marc@yahoo.com<\/span><\/a><br \/>\n<span style=\"font-weight: 400;\">+420731778776<\/span><\/p>\n<p><a href=\"https:\/\/etcgalerie.cz\/tereza-vinklarkova\/\"><span style=\"font-weight: 400;\">Tereza Vinkl\u00e1rkov\u00e1<br \/>\n<\/span><\/a><span style=\"font-weight: 400;\">projektov\u00e1 mana\u017eerka<\/span><br \/>\n<span style=\"font-weight: 400;\">+420732361865<\/span><\/p>\n<\/div>\n<\/div>\n<p><!-- Gallery Schema --><\/p>\n<div class=\"row\">\n<div class=\"large-4 medium-8 small-8 large-offset-2 columns\">\n<h2>O galerii<\/h2>\n<p><span style=\"font-weight: 400;\">etc. galerie je nekomer\u010dn\u00ed galerie sou\u010dasn\u00e9ho um\u011bn\u00ed, kter\u00e1 formou v\u00fdstav, prom\u00edt\u00e1n\u00ed a diskuz\u00ed p\u0159edstavuje tvorbu \u010desk\u00fdch a zahrani\u010dn\u00edch v\u00fdtvarn\u00fdch um\u011blc\u016f a um\u011blky\u0148. V\u00fdstavn\u00ed program je zam\u011b\u0159en na prezentaci sou\u010dasn\u00e9ho um\u011bn\u00ed pohybliv\u00e9ho obrazu filmu a videa s aktu\u00e1ln\u00edmi spole\u010densko-politick\u00fdmi t\u00e9maty. V r\u00e1mci v\u00fdzkumn\u00fdch projekt\u016f galerie spolupracuje s \u0159adou kulturn\u00edch a vzd\u011bl\u00e1vac\u00edch instituc\u00ed, badatel\u016f a badatelek a dal\u0161\u00edch odborn\u00edk\u016f a odbornic.\u00a0<\/span><\/p>\n<p><span style=\"font-weight: 400;\">etc. galerie systematicky podporuje tvorbu sou\u010dasn\u00fdch um\u011blc\u016f a um\u011blky\u0148 pracuj\u00edc\u00edch s pohybliv\u00fdm obrazem, poskytuje odbornou reflexi tohoto m\u00e9dia a p\u0159isp\u00edv\u00e1 ke zlep\u0161en\u00ed jeho institucion\u00e1ln\u00edho z\u00e1zem\u00ed. <\/span><span style=\"font-weight: 400;\">Ka\u017edoro\u010dn\u011b galerie realizuje dv\u011b s\u00f3lov\u00e9 v\u00fdstavy, v r\u00e1mci kter\u00fdch produkuje nov\u00e1 audiovizu\u00e1ln\u00ed d\u00edla. D\u00e1le p\u0159ipravuje kur\u00e1torsk\u00e9 projek\u010dn\u00ed v\u00fdb\u011bry, kter\u00e9 jsou po projek\u010dn\u00edm uveden\u00ed prezentov\u00e1ny ve form\u011b online v\u00fdstav na webu galerie, kde tak\u00e9 publikuje p\u016fvodn\u00ed tematick\u00e9 eseje.\u00a0<\/span><\/p>\n<p><span style=\"font-weight: 400;\">Galerie vznikla v roce 2004 jako jeden z prvn\u00edch nez\u00e1visl\u00fdch v\u00fdstavn\u00edch prostor\u016f v Praze. Byla zalo\u017eena studiem DRAWetc. v \u010dele s Vladim\u00edrem Strej\u010dkem a um\u011blci Ji\u0159\u00edm Frantou a Ji\u0159\u00edm Sk\u00e1lou. O t\u0159i roky pozd\u011bji se ke kur\u00e1torsk\u00e9mu t\u00fdmu galerie p\u0159ipojila Mark\u00e9ta Vinglerov\u00e1. V roce 2011 galerii opustili zakl\u00e1daj\u00edc\u00ed \u010dlenov\u00e9 a kur\u00e1torsky zde za\u010dal p\u016fsobit um\u011blec Radim Langer a kur\u00e1torka Tereza Stejskalov\u00e1, kterou v roce 2013 nahradil um\u011blec Martin Prudil. V roce 2017 tento prostor p\u0159evzaly kur\u00e1torky Al\u017eb\u011bta Ba\u010d\u00edkov\u00e1 a Anna Reme\u0161ov\u00e1, se kter\u00fdmi nad\u00e1le spolupracovala i dal\u0161\u00ed kur\u00e1torsk\u00e1 dvojice Mark\u00e9ta Jon\u00e1\u0161ov\u00e1 a Tom\u00e1\u0161 Kaj\u00e1nek. V sou\u010dasnosti v etc. galerii kur\u00e1torsky p\u016fsob\u00ed Nela Klajbanov\u00e1 a S\u00e1ra M\u00e4rc.<\/span><\/p>\n<p><span style=\"font-weight: 400;\">V roce 2019 galerie z\u0159\u00eddila mediat\u00e9ku v n\u00e1vaznosti na v\u00fdzkumn\u00fd projekt <\/span><strong><i>Neklid obrazu II: Meze pohybu<\/i><\/strong><span style=\"font-weight: 400;\"><strong>,<\/strong> kter\u00fd pro etc. galerii p\u0159ipravili Mat\u011bj Strnad, Anna Reme\u0161ov\u00e1 a Kry\u0161tof Pe\u0161ek. <\/span><span style=\"font-weight: 400;\"><strong><a href=\"https:\/\/etcgalerie.cz\/cs\/mediateka\/?preview_id=3071&amp;preview_nonce=0b985e1414&amp;_thumbnail_id=-1&amp;preview=true\">Mediat\u00e9ka<\/a><\/strong> etc. galerie slou\u017e\u00ed k prezen\u010dn\u00edmu studiu audiovizu\u00e1ln\u00edch d\u011bl, je\u017e byla v minulosti sou\u010d\u00e1st\u00ed v\u00fdstavn\u00edho programu galerie. <\/span><span style=\"font-weight: 400;\">V r\u00e1mci v\u00fdzkumu tak\u00e9 vznikl <\/span><i><span style=\"font-weight: 400;\"><strong>Manu\u00e1l<\/strong> pro zach\u00e1zen\u00ed s pohybliv\u00fdm obrazem, <\/span><\/i><span style=\"font-weight: 400;\">kter\u00fd formuluje soubor z\u00e1sad, kter\u00e9 etc. galerie n\u00e1sleduje p\u0159i spolupr\u00e1ci s um\u011blci a um\u011blkyn\u011bmi a p\u0159i nakl\u00e1d\u00e1n\u00ed s audiovizu\u00e1ln\u00edmi d\u00edly.<\/span><\/p>\n<p style=\"text-align: center;\"><a href=\"http:\/\/etcgalerie.cz\/wp-content\/themes\/FoundationPress\/\/assets\/pdfs\/etc-gallery-schema.pdf\" target=\"_blank\" rel=\"noopener noreferrer\"> <img decoding=\"async\" src=\"http:\/\/etcgalerie.cz\/wp-content\/themes\/FoundationPress\/\/assets\/icons\/pudorys.svg\" alt=\"\" width=\"300px\" \/> <\/a><\/p>\n<p style=\"text-align: center;\"><a href=\"http:\/\/etcgalerie.cz\/wp-content\/themes\/FoundationPress\/\/assets\/pdfs\/etc-gallery-schema.pdf\" target=\"_blank\" rel=\"noopener noreferrer\">St\u00e1hnout pl\u00e1n galerie [PDF]<\/a><\/p>\n<p style=\"text-align: center;\"><a href=\"https:\/\/etcgalerie.cz\/wp-content\/uploads\/2024\/02\/ETC_LOGO.pdf\" target=\"_blank\" rel=\"noopener\">St\u00e1hnout logo etc. galerie [PDF]<\/a><\/p>\n<p style=\"text-align: center;\"><a href=\"https:\/\/etcgalerie.cz\/wp-content\/uploads\/2024\/02\/ETC_LOGO.png\" target=\"_blank\" rel=\"noopener\">St\u00e1hnout logo etc. galerie [png]<\/a><\/p>\n<\/div>\n<\/div>\n<div class=\"row collaborators\">\n<div class=\"large-6 small-8 large-offset-1 columns\">\n<p>etc. galerie se \u0159\u00edd\u00ed kodexem \u00a0<a href=\"http:\/\/feministinstitution.org\/kodex\">Feministick\u00e9 instituce.<\/a><\/p>\n<p>Projekt etc. galerie je realizov\u00e1n s\u202ffinan\u010dn\u00ed podporou \u202fMinisterstva kultury \u010cesk\u00e9 republiky, m\u011bstskou \u010d\u00e1st\u00ed Praha 2, St\u00e1tn\u00edm fondem kultury \u010cR a v roce 2025 je podporov\u00e1n grantem Hlavn\u00edho m\u011bsta Prahy ve v\u00fd\u0161i 150 000 K\u010d.<\/p>\n<div class=\"row\" style=\"text-align: center;\"><a href=\"https:\/\/etcgalerie.cz\/wp-content\/uploads\/2022\/06\/Vyrocni_zprava_2021_etcgalerie.pdf\" target=\"_blank\" rel=\"noopener\">V\u00fdro\u010dn\u00ed zpr\u00e1va etc. galerie 2021<\/a><\/div>\n<div style=\"text-align: center;\"><a href=\"https:\/\/etcgalerie.cz\/wp-content\/uploads\/2023\/11\/Zaverecna-zprava-2022.pdf\" target=\"_blank\" rel=\"noopener\">V\u00fdro\u010dn\u00ed zpr\u00e1va etc. galerie 2022<\/a><\/div>\n<div style=\"text-align: center;\"><a href=\"https:\/\/etcgalerie.cz\/wp-content\/uploads\/2024\/08\/etc_vyrocni_zprava_2023.docx.pdf\">V\u00fdro\u010dn\u00ed zpr\u00e1va etc. galerie 2023<\/a><\/div>\n<div style=\"text-align: center;\"><a href=\"https:\/\/etcgalerie.cz\/wp-content\/uploads\/2025\/03\/Vy\u0301roc\u030cni\u0301-zpra\u0301va-2024.pdf\">V\u00fdro\u010dn\u00ed zpr\u00e1va etc. galerie 2024<\/a><\/div>\n<div style=\"text-align: center;\"><a href=\"https:\/\/etcgalerie.cz\/wp-content\/uploads\/2026\/02\/etc_vyrocni_zprava_2025.pdf\">V\u00fdro\u010dn\u00ed zpr\u00e1va etc. galerie 2025<\/a><\/div>\n<div><\/div>\n<div><\/div>\n<div><\/div>\n<div><\/div>\n<p><!-- map --><\/p>\n<div class=\"row\"><\/div>\n<\/div>\n<\/div>\n<p><!-- End of Collaborating institutions section --><\/p>\n<div class=\"row\">\n<div class=\"large-6 medium-8 small-8 large-offset-1 columns\">\n<hr \/>\n<p>Design: <a href=\"http:\/\/www.jannovak.net\">Jan Nov\u00e1k<\/a><br \/>\nDevelopment: <a href=\"https:\/\/www.facebook.com\/josef.kortan\">Josef Kortan<\/a><\/p>\n<\/div>\n<\/div>\n<div class=\"row\">\n<div class=\"large-4 small-8 large-offset-2 columns \"><\/div>\n<\/div>\n<p><\/p>","protected":false},"excerpt":{"rendered":"<p>etc. galerie z.s. Sarajevsk\u00e1 68\/16 Praha 2 120 00 Czech Republic I\u010c: 22738924 kontakt: mail.etcgalerie@gmail.com Otev\u00edrac\u00ed doba: \u010ctvrtek a sobota 14:00 &#8211; 19:00 Galerie je otev\u0159ena jen v dob\u011b kon\u00e1n\u00ed v\u00fdstavy nebo v r\u00e1mci dal\u0161\u00edch akc\u00ed. P\u0159ed n\u00e1v\u0161t\u011bvou galerie pros\u00edme zkontrolujte jej\u00ed program. N\u00e1v\u0161t\u011bva mediat\u00e9ky, knihovny \u010di v\u00fdstav mimo otev\u00edrac\u00ed dobu je mo\u017en\u00e1 po domluv\u011b [&hellip;]<\/p>\n","protected":false},"author":2,"featured_media":0,"parent":0,"menu_order":0,"comment_status":"open","ping_status":"closed","template":"","meta":{"footnotes":""},"class_list":["post-1091","page","type-page","status-publish","hentry"],"_links":{"self":[{"href":"https:\/\/etcgalerie.cz\/cs\/wp-json\/wp\/v2\/pages\/1091","targetHints":{"allow":["GET"]}}],"collection":[{"href":"https:\/\/etcgalerie.cz\/cs\/wp-json\/wp\/v2\/pages"}],"about":[{"href":"https:\/\/etcgalerie.cz\/cs\/wp-json\/wp\/v2\/types\/page"}],"author":[{"embeddable":true,"href":"https:\/\/etcgalerie.cz\/cs\/wp-json\/wp\/v2\/users\/2"}],"replies":[{"embeddable":true,"href":"https:\/\/etcgalerie.cz\/cs\/wp-json\/wp\/v2\/comments?post=1091"}],"version-history":[{"count":277,"href":"https:\/\/etcgalerie.cz\/cs\/wp-json\/wp\/v2\/pages\/1091\/revisions"}],"predecessor-version":[{"id":6640,"href":"https:\/\/etcgalerie.cz\/cs\/wp-json\/wp\/v2\/pages\/1091\/revisions\/6640"}],"wp:attachment":[{"href":"https:\/\/etcgalerie.cz\/cs\/wp-json\/wp\/v2\/media?parent=1091"}],"curies":[{"name":"wp","href":"https:\/\/api.w.org\/{rel}","templated":true}]}}